{"id":1094,"date":"2018-08-30T22:09:45","date_gmt":"2018-08-30T20:09:45","guid":{"rendered":"http:\/\/www.murielorange.com\/?page_id=1094"},"modified":"2024-04-12T17:02:10","modified_gmt":"2024-04-12T15:02:10","slug":"atelier-ados","status":"publish","type":"page","link":"https:\/\/www.murielorange.com\/?page_id=1094","title":{"rendered":"Dessin Enfant"},"content":{"rendered":"<p>Apprendre \u00e0 dessiner, c&rsquo;est apprendre \u00e0 comprendre l&rsquo;image, sa structure, son cadrage, ses couleurs. Etape par \u00e9tape, on observe et on reproduit. Chacun y arrive!<\/p>\n<p>Ensuite vient la technique, diff\u00e9rente \u00e0 chaque fois. Chaque artiste pourra donc tester et comprendre les diverses mani\u00e8res de la mise en couleur ou noir et blanc. Pour cela le mat\u00e9riel est \u00e0 l&rsquo;atelier. Il faut simplement le matos de base&#8230;.<\/p>\n<p>L&rsquo;atelier va au rythme de chacun, pas de pr\u00e9-requis n\u00e9cessaire. Tout le monde y arrivera. Je suis l\u00e0!<\/p>\n<div id=\"ConnectiveDocSignExtentionInstalled\" data-extension-version=\"1.0.4\">&nbsp;<\/div>\n\n\n<div class=\"wp-block-file\"><a href=\"http:\/\/www.murielorange.com\/blogorange\/wordpress\/wp-content\/uploads\/2024\/04\/planning-24_25.pdf\">Voici le planning 2024-2025 avec toutes les informations et les modalit\u00e9s d&rsquo;inscription :<\/a><a href=\"http:\/\/www.murielorange.com\/blogorange\/wordpress\/wp-content\/uploads\/2024\/04\/planning-24_25.pdf\" class=\"wp-block-file__button\" download>T\u00e9l\u00e9charger<\/a><\/div>\n\n\n\n<figure class=\"wp-block-image size-large is-resized\"><img loading=\"lazy\" decoding=\"async\" src=\"http:\/\/www.murielorange.com\/blogorange\/wordpress\/wp-content\/uploads\/2024\/04\/IMG_20231124_180445-1024x967.jpg\" alt=\"\" class=\"wp-image-1734\" width=\"201\" height=\"190\" srcset=\"https:\/\/www.murielorange.com\/blogorange\/wordpress\/wp-content\/uploads\/2024\/04\/IMG_20231124_180445-1024x967.jpg 1024w, https:\/\/www.murielorange.com\/blogorange\/wordpress\/wp-content\/uploads\/2024\/04\/IMG_20231124_180445-300x283.jpg 300w, https:\/\/www.murielorange.com\/blogorange\/wordpress\/wp-content\/uploads\/2024\/04\/IMG_20231124_180445-768x725.jpg 768w, https:\/\/www.murielorange.com\/blogorange\/wordpress\/wp-content\/uploads\/2024\/04\/IMG_20231124_180445-450x425.jpg 450w, https:\/\/www.murielorange.com\/blogorange\/wordpress\/wp-content\/uploads\/2024\/04\/IMG_20231124_180445-1536x1450.jpg 1536w, https:\/\/www.murielorange.com\/blogorange\/wordpress\/wp-content\/uploads\/2024\/04\/IMG_20231124_180445.jpg 1907w\" sizes=\"auto, (max-width: 201px) 100vw, 201px\" \/><\/figure>\n\n\n\n<figure class=\"wp-block-image size-large is-resized\"><img loading=\"lazy\" decoding=\"async\" src=\"http:\/\/www.murielorange.com\/blogorange\/wordpress\/wp-content\/uploads\/2024\/04\/IMG_20240412_162007-732x1024.jpg\" alt=\"\" class=\"wp-image-1735\" width=\"242\" height=\"340\" srcset=\"https:\/\/www.murielorange.com\/blogorange\/wordpress\/wp-content\/uploads\/2024\/04\/IMG_20240412_162007-732x1024.jpg 732w, https:\/\/www.murielorange.com\/blogorange\/wordpress\/wp-content\/uploads\/2024\/04\/IMG_20240412_162007-214x300.jpg 214w, https:\/\/www.murielorange.com\/blogorange\/wordpress\/wp-content\/uploads\/2024\/04\/IMG_20240412_162007-768x1075.jpg 768w, https:\/\/www.murielorange.com\/blogorange\/wordpress\/wp-content\/uploads\/2024\/04\/IMG_20240412_162007-1098x1536.jpg 1098w, https:\/\/www.murielorange.com\/blogorange\/wordpress\/wp-content\/uploads\/2024\/04\/IMG_20240412_162007-1464x2048.jpg 1464w, https:\/\/www.murielorange.com\/blogorange\/wordpress\/wp-content\/uploads\/2024\/04\/IMG_20240412_162007.jpg 1799w\" sizes=\"auto, (max-width: 242px) 100vw, 242px\" \/><\/figure>\n\n\n\n<figure class=\"wp-block-image size-large is-resized\"><img loading=\"lazy\" decoding=\"async\" src=\"http:\/\/www.murielorange.com\/blogorange\/wordpress\/wp-content\/uploads\/2024\/04\/IMG_20240412_161953-770x1024.jpg\" alt=\"\" class=\"wp-image-1736\" width=\"289\" height=\"384\" srcset=\"https:\/\/www.murielorange.com\/blogorange\/wordpress\/wp-content\/uploads\/2024\/04\/IMG_20240412_161953-770x1024.jpg 770w, https:\/\/www.murielorange.com\/blogorange\/wordpress\/wp-content\/uploads\/2024\/04\/IMG_20240412_161953-226x300.jpg 226w, https:\/\/www.murielorange.com\/blogorange\/wordpress\/wp-content\/uploads\/2024\/04\/IMG_20240412_161953-768x1022.jpg 768w, https:\/\/www.murielorange.com\/blogorange\/wordpress\/wp-content\/uploads\/2024\/04\/IMG_20240412_161953-338x450.jpg 338w, https:\/\/www.murielorange.com\/blogorange\/wordpress\/wp-content\/uploads\/2024\/04\/IMG_20240412_161953-1155x1536.jpg 1155w, https:\/\/www.murielorange.com\/blogorange\/wordpress\/wp-content\/uploads\/2024\/04\/IMG_20240412_161953-1540x2048.jpg 1540w, https:\/\/www.murielorange.com\/blogorange\/wordpress\/wp-content\/uploads\/2024\/04\/IMG_20240412_161953.jpg 1799w\" sizes=\"auto, (max-width: 289px) 100vw, 289px\" \/><\/figure>\n\n\n\n<figure class=\"wp-block-image size-large is-resized\"><img loading=\"lazy\" decoding=\"async\" src=\"http:\/\/www.murielorange.com\/blogorange\/wordpress\/wp-content\/uploads\/2024\/04\/IMG_20240412_161938-727x1024.jpg\" alt=\"\" class=\"wp-image-1737\" width=\"335\" height=\"472\" srcset=\"https:\/\/www.murielorange.com\/blogorange\/wordpress\/wp-content\/uploads\/2024\/04\/IMG_20240412_161938-727x1024.jpg 727w, https:\/\/www.murielorange.com\/blogorange\/wordpress\/wp-content\/uploads\/2024\/04\/IMG_20240412_161938-213x300.jpg 213w, https:\/\/www.murielorange.com\/blogorange\/wordpress\/wp-content\/uploads\/2024\/04\/IMG_20240412_161938-768x1082.jpg 768w, https:\/\/www.murielorange.com\/blogorange\/wordpress\/wp-content\/uploads\/2024\/04\/IMG_20240412_161938-319x450.jpg 319w, https:\/\/www.murielorange.com\/blogorange\/wordpress\/wp-content\/uploads\/2024\/04\/IMG_20240412_161938-1090x1536.jpg 1090w, https:\/\/www.murielorange.com\/blogorange\/wordpress\/wp-content\/uploads\/2024\/04\/IMG_20240412_161938-1453x2048.jpg 1453w, https:\/\/www.murielorange.com\/blogorange\/wordpress\/wp-content\/uploads\/2024\/04\/IMG_20240412_161938.jpg 1800w\" sizes=\"auto, (max-width: 335px) 100vw, 335px\" \/><\/figure>\n\n\n\n<figure class=\"wp-block-image size-large is-resized\"><img loading=\"lazy\" decoding=\"async\" src=\"http:\/\/www.murielorange.com\/blogorange\/wordpress\/wp-content\/uploads\/2024\/04\/IMG_20240412_161845-781x1024.jpg\" alt=\"\" class=\"wp-image-1740\" width=\"369\" height=\"484\" srcset=\"https:\/\/www.murielorange.com\/blogorange\/wordpress\/wp-content\/uploads\/2024\/04\/IMG_20240412_161845-781x1024.jpg 781w, https:\/\/www.murielorange.com\/blogorange\/wordpress\/wp-content\/uploads\/2024\/04\/IMG_20240412_161845-229x300.jpg 229w, https:\/\/www.murielorange.com\/blogorange\/wordpress\/wp-content\/uploads\/2024\/04\/IMG_20240412_161845-768x1007.jpg 768w, https:\/\/www.murielorange.com\/blogorange\/wordpress\/wp-content\/uploads\/2024\/04\/IMG_20240412_161845-343x450.jpg 343w, https:\/\/www.murielorange.com\/blogorange\/wordpress\/wp-content\/uploads\/2024\/04\/IMG_20240412_161845-1171x1536.jpg 1171w, https:\/\/www.murielorange.com\/blogorange\/wordpress\/wp-content\/uploads\/2024\/04\/IMG_20240412_161845-1562x2048.jpg 1562w, https:\/\/www.murielorange.com\/blogorange\/wordpress\/wp-content\/uploads\/2024\/04\/IMG_20240412_161845.jpg 1799w\" sizes=\"auto, (max-width: 369px) 100vw, 369px\" \/><\/figure>\n\n\n\n<figure class=\"wp-block-image size-large is-resized\"><img loading=\"lazy\" decoding=\"async\" src=\"http:\/\/www.murielorange.com\/blogorange\/wordpress\/wp-content\/uploads\/2024\/04\/IMG_20240412_161915-1-775x1024.jpg\" alt=\"\" class=\"wp-image-1743\" width=\"249\" height=\"329\" srcset=\"https:\/\/www.murielorange.com\/blogorange\/wordpress\/wp-content\/uploads\/2024\/04\/IMG_20240412_161915-1-775x1024.jpg 775w, https:\/\/www.murielorange.com\/blogorange\/wordpress\/wp-content\/uploads\/2024\/04\/IMG_20240412_161915-1-227x300.jpg 227w, https:\/\/www.murielorange.com\/blogorange\/wordpress\/wp-content\/uploads\/2024\/04\/IMG_20240412_161915-1-768x1015.jpg 768w, https:\/\/www.murielorange.com\/blogorange\/wordpress\/wp-content\/uploads\/2024\/04\/IMG_20240412_161915-1-341x450.jpg 341w, https:\/\/www.murielorange.com\/blogorange\/wordpress\/wp-content\/uploads\/2024\/04\/IMG_20240412_161915-1-1163x1536.jpg 1163w, https:\/\/www.murielorange.com\/blogorange\/wordpress\/wp-content\/uploads\/2024\/04\/IMG_20240412_161915-1-1550x2048.jpg 1550w, https:\/\/www.murielorange.com\/blogorange\/wordpress\/wp-content\/uploads\/2024\/04\/IMG_20240412_161915-1.jpg 1737w\" sizes=\"auto, (max-width: 249px) 100vw, 249px\" \/><\/figure>\n\n\n\n<figure class=\"wp-block-image size-large is-resized\"><img loading=\"lazy\" decoding=\"async\" src=\"http:\/\/www.murielorange.com\/blogorange\/wordpress\/wp-content\/uploads\/2024\/04\/IMG_20240412_162035-743x1024.jpg\" alt=\"\" class=\"wp-image-1742\" width=\"376\" height=\"518\" srcset=\"https:\/\/www.murielorange.com\/blogorange\/wordpress\/wp-content\/uploads\/2024\/04\/IMG_20240412_162035-743x1024.jpg 743w, https:\/\/www.murielorange.com\/blogorange\/wordpress\/wp-content\/uploads\/2024\/04\/IMG_20240412_162035-218x300.jpg 218w, https:\/\/www.murielorange.com\/blogorange\/wordpress\/wp-content\/uploads\/2024\/04\/IMG_20240412_162035-768x1059.jpg 768w, https:\/\/www.murielorange.com\/blogorange\/wordpress\/wp-content\/uploads\/2024\/04\/IMG_20240412_162035-326x450.jpg 326w, https:\/\/www.murielorange.com\/blogorange\/wordpress\/wp-content\/uploads\/2024\/04\/IMG_20240412_162035-1114x1536.jpg 1114w, https:\/\/www.murielorange.com\/blogorange\/wordpress\/wp-content\/uploads\/2024\/04\/IMG_20240412_162035-1486x2048.jpg 1486w, https:\/\/www.murielorange.com\/blogorange\/wordpress\/wp-content\/uploads\/2024\/04\/IMG_20240412_162035.jpg 1799w\" sizes=\"auto, (max-width: 376px) 100vw, 376px\" \/><\/figure>\n\n\n\n<figure class=\"wp-block-image size-large is-resized\"><img loading=\"lazy\" decoding=\"async\" src=\"http:\/\/www.murielorange.com\/blogorange\/wordpress\/wp-content\/uploads\/2024\/04\/IMG20240224102514-461x1024.jpg\" alt=\"\" class=\"wp-image-1744\" width=\"182\" height=\"404\" srcset=\"https:\/\/www.murielorange.com\/blogorange\/wordpress\/wp-content\/uploads\/2024\/04\/IMG20240224102514-461x1024.jpg 461w, https:\/\/www.murielorange.com\/blogorange\/wordpress\/wp-content\/uploads\/2024\/04\/IMG20240224102514-135x300.jpg 135w, https:\/\/www.murielorange.com\/blogorange\/wordpress\/wp-content\/uploads\/2024\/04\/IMG20240224102514-768x1707.jpg 768w, https:\/\/www.murielorange.com\/blogorange\/wordpress\/wp-content\/uploads\/2024\/04\/IMG20240224102514-203x450.jpg 203w, https:\/\/www.murielorange.com\/blogorange\/wordpress\/wp-content\/uploads\/2024\/04\/IMG20240224102514-691x1536.jpg 691w, https:\/\/www.murielorange.com\/blogorange\/wordpress\/wp-content\/uploads\/2024\/04\/IMG20240224102514-922x2048.jpg 922w, https:\/\/www.murielorange.com\/blogorange\/wordpress\/wp-content\/uploads\/2024\/04\/IMG20240224102514-scaled.jpg 1152w\" sizes=\"auto, (max-width: 182px) 100vw, 182px\" \/><\/figure>\n","protected":false},"excerpt":{"rendered":"<p>Apprendre \u00e0 dessiner, c&rsquo;est apprendre \u00e0 comprendre l&rsquo;image, sa structure, son cadrage, ses couleurs. Etape par \u00e9tape, on observe et on reproduit. Chacun y arrive! Ensuite vient la technique, diff\u00e9rente \u00e0 chaque fois. Chaque artiste pourra donc tester et comprendre &hellip; <a href=\"https:\/\/www.murielorange.com\/?page_id=1094\">Continuer la lecture <span class=\"meta-nav\">&rarr;<\/span><\/a><\/p>\n","protected":false},"author":2,"featured_media":0,"parent":437,"menu_order":1,"comment_status":"closed","ping_status":"closed","template":"","meta":{"_monsterinsights_skip_tracking":false,"_monsterinsights_sitenote_active":false,"_monsterinsights_sitenote_note":"","_monsterinsights_sitenote_category":0,"footnotes":""},"tags":[],"class_list":["post-1094","page","type-page","status-publish","hentry"],"_links":{"self":[{"href":"https:\/\/www.murielorange.com\/index.php?rest_route=\/wp\/v2\/pages\/1094","targetHints":{"allow":["GET"]}}],"collection":[{"href":"https:\/\/www.murielorange.com\/index.php?rest_route=\/wp\/v2\/pages"}],"about":[{"href":"https:\/\/www.murielorange.com\/index.php?rest_route=\/wp\/v2\/types\/page"}],"author":[{"embeddable":true,"href":"https:\/\/www.murielorange.com\/index.php?rest_route=\/wp\/v2\/users\/2"}],"replies":[{"embeddable":true,"href":"https:\/\/www.murielorange.com\/index.php?rest_route=%2Fwp%2Fv2%2Fcomments&post=1094"}],"version-history":[{"count":10,"href":"https:\/\/www.murielorange.com\/index.php?rest_route=\/wp\/v2\/pages\/1094\/revisions"}],"predecessor-version":[{"id":1758,"href":"https:\/\/www.murielorange.com\/index.php?rest_route=\/wp\/v2\/pages\/1094\/revisions\/1758"}],"up":[{"embeddable":true,"href":"https:\/\/www.murielorange.com\/index.php?rest_route=\/wp\/v2\/pages\/437"}],"wp:attachment":[{"href":"https:\/\/www.murielorange.com\/index.php?rest_route=%2Fwp%2Fv2%2Fmedia&parent=1094"}],"wp:term":[{"taxonomy":"post_tag","embeddable":true,"href":"https:\/\/www.murielorange.com\/index.php?rest_route=%2Fwp%2Fv2%2Ftags&post=1094"}],"curies":[{"name":"wp","href":"https:\/\/api.w.org\/{rel}","templated":true}]}}