{"id":160,"date":"2013-02-09T12:02:06","date_gmt":"2013-02-09T11:02:06","guid":{"rendered":"http:\/\/www.murielorange.com\/?page_id=160"},"modified":"2024-04-12T14:21:33","modified_gmt":"2024-04-12T12:21:33","slug":"badges-et-compagnie","status":"publish","type":"page","link":"https:\/\/www.murielorange.com\/?page_id=160","title":{"rendered":"Badges"},"content":{"rendered":"<p>Un concept in\u00e9dit chez Muriel Orange. La cr\u00e9ation de badges personnalis\u00e9s.<\/p>\n<p>Que ce soit des <strong>badges \u00e0 colorier<\/strong>,&nbsp; des <strong>badges p\u00e9dagogiques,<\/strong> des <strong>badges r\u00e9compenses<\/strong>, des <strong>badges personnalis\u00e9s en tirage unique<\/strong> (pour vous ou \u00e0 offrir) ou encore des <strong>badges de ma collection<\/strong>, vous trouvez votre bonheur.<\/p>\n<p>Ici, tout est possible.<\/p>\n<p><img loading=\"lazy\" decoding=\"async\" class=\"alignnone size-medium wp-image-352\" title=\"super women\" src=\"http:\/\/www.murielorange.com\/blogorange\/wordpress\/wp-content\/uploads\/2013\/02\/DSC_70721-300x201.jpg\" alt=\"\" width=\"300\" height=\"201\" srcset=\"https:\/\/www.murielorange.com\/blogorange\/wordpress\/wp-content\/uploads\/2013\/02\/DSC_70721-300x201.jpg 300w, https:\/\/www.murielorange.com\/blogorange\/wordpress\/wp-content\/uploads\/2013\/02\/DSC_70721-1024x687.jpg 1024w, https:\/\/www.murielorange.com\/blogorange\/wordpress\/wp-content\/uploads\/2013\/02\/DSC_70721-450x302.jpg 450w\" sizes=\"auto, (max-width: 300px) 100vw, 300px\" \/><img loading=\"lazy\" decoding=\"async\" class=\"alignnone size-medium wp-image-353\" title=\"cadeau\" src=\"http:\/\/www.murielorange.com\/blogorange\/wordpress\/wp-content\/uploads\/2013\/02\/DSC_71011-300x201.jpg\" alt=\"\" width=\"300\" height=\"201\" srcset=\"https:\/\/www.murielorange.com\/blogorange\/wordpress\/wp-content\/uploads\/2013\/02\/DSC_71011-300x201.jpg 300w, https:\/\/www.murielorange.com\/blogorange\/wordpress\/wp-content\/uploads\/2013\/02\/DSC_71011-1024x687.jpg 1024w, https:\/\/www.murielorange.com\/blogorange\/wordpress\/wp-content\/uploads\/2013\/02\/DSC_71011-450x302.jpg 450w\" sizes=\"auto, (max-width: 300px) 100vw, 300px\" \/><img loading=\"lazy\" decoding=\"async\" class=\"alignnone size-medium wp-image-355\" title=\"badges p\u00e9dagogiques\" src=\"http:\/\/www.murielorange.com\/blogorange\/wordpress\/wp-content\/uploads\/2013\/02\/DSC_71091-300x201.jpg\" alt=\"\" width=\"300\" height=\"201\" srcset=\"https:\/\/www.murielorange.com\/blogorange\/wordpress\/wp-content\/uploads\/2013\/02\/DSC_71091-300x201.jpg 300w, https:\/\/www.murielorange.com\/blogorange\/wordpress\/wp-content\/uploads\/2013\/02\/DSC_71091-1024x687.jpg 1024w, https:\/\/www.murielorange.com\/blogorange\/wordpress\/wp-content\/uploads\/2013\/02\/DSC_71091-450x302.jpg 450w\" sizes=\"auto, (max-width: 300px) 100vw, 300px\" \/><img loading=\"lazy\" decoding=\"async\" class=\"alignnone size-medium wp-image-356\" title=\"magnet\" src=\"http:\/\/www.murielorange.com\/blogorange\/wordpress\/wp-content\/uploads\/2013\/02\/DSC_71171-300x201.jpg\" alt=\"\" width=\"300\" height=\"201\" srcset=\"https:\/\/www.murielorange.com\/blogorange\/wordpress\/wp-content\/uploads\/2013\/02\/DSC_71171-300x201.jpg 300w, https:\/\/www.murielorange.com\/blogorange\/wordpress\/wp-content\/uploads\/2013\/02\/DSC_71171-1024x687.jpg 1024w, https:\/\/www.murielorange.com\/blogorange\/wordpress\/wp-content\/uploads\/2013\/02\/DSC_71171-450x302.jpg 450w\" sizes=\"auto, (max-width: 300px) 100vw, 300px\" \/><\/p>\n<p><img loading=\"lazy\" decoding=\"async\" class=\"alignnone size-medium wp-image-354\" title=\"DSC_7108\" src=\"http:\/\/www.murielorange.com\/blogorange\/wordpress\/wp-content\/uploads\/2013\/02\/DSC_71082-300x201.jpg\" alt=\"\" width=\"300\" height=\"201\" srcset=\"https:\/\/www.murielorange.com\/blogorange\/wordpress\/wp-content\/uploads\/2013\/02\/DSC_71082-300x201.jpg 300w, https:\/\/www.murielorange.com\/blogorange\/wordpress\/wp-content\/uploads\/2013\/02\/DSC_71082-1024x687.jpg 1024w, https:\/\/www.murielorange.com\/blogorange\/wordpress\/wp-content\/uploads\/2013\/02\/DSC_71082-450x302.jpg 450w\" sizes=\"auto, (max-width: 300px) 100vw, 300px\" \/><img loading=\"lazy\" decoding=\"async\" class=\"alignnone size-medium wp-image-357\" title=\"d\u00e9capsuleur\" src=\"http:\/\/www.murielorange.com\/blogorange\/wordpress\/wp-content\/uploads\/2013\/02\/DSC_7135-300x201.jpg\" alt=\"\" width=\"300\" height=\"201\" srcset=\"https:\/\/www.murielorange.com\/blogorange\/wordpress\/wp-content\/uploads\/2013\/02\/DSC_7135-300x201.jpg 300w, https:\/\/www.murielorange.com\/blogorange\/wordpress\/wp-content\/uploads\/2013\/02\/DSC_7135-1024x687.jpg 1024w, https:\/\/www.murielorange.com\/blogorange\/wordpress\/wp-content\/uploads\/2013\/02\/DSC_7135-450x302.jpg 450w\" sizes=\"auto, (max-width: 300px) 100vw, 300px\" \/><\/p>\n<p><img loading=\"lazy\" decoding=\"async\" class=\"alignnone size-medium wp-image-380\" title=\"DSC_7129\" src=\"http:\/\/www.murielorange.com\/blogorange\/wordpress\/wp-content\/uploads\/2013\/02\/DSC_7129-300x201.jpg\" alt=\"\" width=\"300\" height=\"201\" srcset=\"https:\/\/www.murielorange.com\/blogorange\/wordpress\/wp-content\/uploads\/2013\/02\/DSC_7129-300x201.jpg 300w, https:\/\/www.murielorange.com\/blogorange\/wordpress\/wp-content\/uploads\/2013\/02\/DSC_7129-1024x687.jpg 1024w, https:\/\/www.murielorange.com\/blogorange\/wordpress\/wp-content\/uploads\/2013\/02\/DSC_7129-450x302.jpg 450w\" sizes=\"auto, (max-width: 300px) 100vw, 300px\" \/><img loading=\"lazy\" decoding=\"async\" class=\"alignnone size-medium wp-image-384\" title=\"DSC_7167\" src=\"http:\/\/www.murielorange.com\/blogorange\/wordpress\/wp-content\/uploads\/2013\/02\/DSC_7167-300x201.jpg\" alt=\"\" width=\"300\" height=\"201\" srcset=\"https:\/\/www.murielorange.com\/blogorange\/wordpress\/wp-content\/uploads\/2013\/02\/DSC_7167-300x201.jpg 300w, https:\/\/www.murielorange.com\/blogorange\/wordpress\/wp-content\/uploads\/2013\/02\/DSC_7167-1024x687.jpg 1024w, https:\/\/www.murielorange.com\/blogorange\/wordpress\/wp-content\/uploads\/2013\/02\/DSC_7167-450x302.jpg 450w\" sizes=\"auto, (max-width: 300px) 100vw, 300px\" \/><img loading=\"lazy\" decoding=\"async\" class=\"alignnone size-medium wp-image-381\" title=\"DSC_7131\" src=\"http:\/\/www.murielorange.com\/blogorange\/wordpress\/wp-content\/uploads\/2013\/02\/DSC_71311-300x201.jpg\" alt=\"\" width=\"300\" height=\"201\" srcset=\"https:\/\/www.murielorange.com\/blogorange\/wordpress\/wp-content\/uploads\/2013\/02\/DSC_71311-300x201.jpg 300w, https:\/\/www.murielorange.com\/blogorange\/wordpress\/wp-content\/uploads\/2013\/02\/DSC_71311-1024x687.jpg 1024w, https:\/\/www.murielorange.com\/blogorange\/wordpress\/wp-content\/uploads\/2013\/02\/DSC_71311-450x302.jpg 450w\" sizes=\"auto, (max-width: 300px) 100vw, 300px\" \/><\/p>\n<p>Mes badges existent en 3 tailles actuellement : 25mm, 38mm et 56 mm.<\/p>\n<ul>\n<li>25mm : badge \u00e0 \u00e9pingle ou badge \u00e0 dos plat (pour le scrapbooking ou pour coller sur quelque chose)<\/li>\n<li>38mm : badge \u00e0 \u00e9pingle<\/li>\n<li>56mm : badge \u00e0 \u00e9pingle ou aimant pour le frigo ou miroir de poche ou d\u00e9capsuleur.<\/li>\n<\/ul>\n<p>Voici d\u00e9j\u00e0 ci-dessous un premier aper\u00e7u de mes tarifs. Ces tarifs ne sont qu&rsquo;indicatifs. Chaque cas est diff\u00e9rent pour les grandes commandes. Contactez-moi pour une offre personnalis\u00e9e !<\/p>\n<p><a href=\"http:\/\/www.murielorange.com\/blogorange\/wordpress\/wp-content\/uploads\/2023\/09\/2309_tarifs_pro_Muriel.png\"><img loading=\"lazy\" decoding=\"async\" class=\"aligncenter size-full wp-image-1612\" src=\"http:\/\/www.murielorange.com\/blogorange\/wordpress\/wp-content\/uploads\/2023\/09\/2309_tarifs_pro_Muriel.png\" alt=\"\" width=\"693\" height=\"478\" srcset=\"https:\/\/www.murielorange.com\/blogorange\/wordpress\/wp-content\/uploads\/2023\/09\/2309_tarifs_pro_Muriel.png 693w, https:\/\/www.murielorange.com\/blogorange\/wordpress\/wp-content\/uploads\/2023\/09\/2309_tarifs_pro_Muriel-300x207.png 300w, https:\/\/www.murielorange.com\/blogorange\/wordpress\/wp-content\/uploads\/2023\/09\/2309_tarifs_pro_Muriel-450x310.png 450w\" sizes=\"auto, (max-width: 693px) 100vw, 693px\" \/><\/a><\/p>\n<p>Pour plus d&rsquo;infos, et pour avoir des id\u00e9es de mod\u00e8les, allez voir les diff\u00e9rents onglets du site &#8230; mais <strong>n&rsquo;h\u00e9sitez pas \u00e0 faire concevoir votre mod\u00e8le original personnalis\u00e9 !<\/strong><\/p>\n<p>Nous travaillons alors par mail si vous d\u00e9sirez de photos en magnets ou en badges, et puis l&rsquo;envoi par la poste. Trop facile&#8230;<\/p>\n<p>Pour plus de mod\u00e8les de badges, allez voir les autres pages du menu &#8230;<\/p>\n","protected":false},"excerpt":{"rendered":"<p>Un concept in\u00e9dit chez Muriel Orange. La cr\u00e9ation de badges personnalis\u00e9s. Que ce soit des badges \u00e0 colorier,&nbsp; des badges p\u00e9dagogiques, des badges r\u00e9compenses, des badges personnalis\u00e9s en tirage unique (pour vous ou \u00e0 offrir) ou encore des badges de &hellip; <a href=\"https:\/\/www.murielorange.com\/?page_id=160\">Continuer la lecture <span class=\"meta-nav\">&rarr;<\/span><\/a><\/p>\n","protected":false},"author":2,"featured_media":0,"parent":0,"menu_order":10,"comment_status":"closed","ping_status":"open","template":"","meta":{"_monsterinsights_skip_tracking":false,"_monsterinsights_sitenote_active":false,"_monsterinsights_sitenote_note":"","_monsterinsights_sitenote_category":0,"footnotes":""},"tags":[19,20,26,24],"class_list":["post-160","page","type-page","status-publish","hentry","tag-badge","tag-badge-a-colorier","tag-badge-magnet","tag-badge-miroir"],"_links":{"self":[{"href":"https:\/\/www.murielorange.com\/index.php?rest_route=\/wp\/v2\/pages\/160","targetHints":{"allow":["GET"]}}],"collection":[{"href":"https:\/\/www.murielorange.com\/index.php?rest_route=\/wp\/v2\/pages"}],"about":[{"href":"https:\/\/www.murielorange.com\/index.php?rest_route=\/wp\/v2\/types\/page"}],"author":[{"embeddable":true,"href":"https:\/\/www.murielorange.com\/index.php?rest_route=\/wp\/v2\/users\/2"}],"replies":[{"embeddable":true,"href":"https:\/\/www.murielorange.com\/index.php?rest_route=%2Fwp%2Fv2%2Fcomments&post=160"}],"version-history":[{"count":25,"href":"https:\/\/www.murielorange.com\/index.php?rest_route=\/wp\/v2\/pages\/160\/revisions"}],"predecessor-version":[{"id":1672,"href":"https:\/\/www.murielorange.com\/index.php?rest_route=\/wp\/v2\/pages\/160\/revisions\/1672"}],"wp:attachment":[{"href":"https:\/\/www.murielorange.com\/index.php?rest_route=%2Fwp%2Fv2%2Fmedia&parent=160"}],"wp:term":[{"taxonomy":"post_tag","embeddable":true,"href":"https:\/\/www.murielorange.com\/index.php?rest_route=%2Fwp%2Fv2%2Ftags&post=160"}],"curies":[{"name":"wp","href":"https:\/\/api.w.org\/{rel}","templated":true}]}}