{"id":1661,"date":"2024-04-12T14:17:38","date_gmt":"2024-04-12T12:17:38","guid":{"rendered":"http:\/\/www.murielorange.com\/?page_id=1661"},"modified":"2024-04-12T14:25:59","modified_gmt":"2024-04-12T12:25:59","slug":"materiel-pour-les-ateliers","status":"publish","type":"page","link":"https:\/\/www.murielorange.com\/?page_id=1661","title":{"rendered":"Mat\u00e9riel pour les ateliers"},"content":{"rendered":"\n<p>Voici la liste du mat\u00e9riel de base demand\u00e9e pour chaque atelier : <\/p>\n\n\n\n<div class=\"wp-block-file\"><a href=\"http:\/\/www.murielorange.com\/blogorange\/wordpress\/wp-content\/uploads\/2024\/04\/mate\u0301riel-ado.pdf\">&#8211; mate\u0301riel ado<\/a><a href=\"http:\/\/www.murielorange.com\/blogorange\/wordpress\/wp-content\/uploads\/2024\/04\/mate\u0301riel-ado.pdf\" class=\"wp-block-file__button\" download>T\u00e9l\u00e9charger<\/a><\/div>\n\n\n\n<div class=\"wp-block-file\"><a href=\"http:\/\/www.murielorange.com\/blogorange\/wordpress\/wp-content\/uploads\/2024\/04\/mate\u0301riel-dessin-junior.pdf\">&#8211; mate\u0301riel dessin junior<\/a><a href=\"http:\/\/www.murielorange.com\/blogorange\/wordpress\/wp-content\/uploads\/2024\/04\/mate\u0301riel-dessin-junior.pdf\" class=\"wp-block-file__button\" download>T\u00e9l\u00e9charger<\/a><\/div>\n\n\n\n<div class=\"wp-block-file\"><a href=\"http:\/\/www.murielorange.com\/blogorange\/wordpress\/wp-content\/uploads\/2024\/04\/mate\u0301riel-manga.pdf\">&#8211; mate\u0301riel manga<\/a><a href=\"http:\/\/www.murielorange.com\/blogorange\/wordpress\/wp-content\/uploads\/2024\/04\/mate\u0301riel-manga.pdf\" class=\"wp-block-file__button\" download>T\u00e9l\u00e9charger<\/a><\/div>\n\n\n\n<ul class=\"wp-block-list\"><li>mat\u00e9riel adulte : le mat\u00e9riel de base est disponible sur place. Chacun peut apporter son mat\u00e9riel sp\u00e9cifique si souhait\u00e9.<\/li><\/ul>\n","protected":false},"excerpt":{"rendered":"<p>Voici la liste du mat\u00e9riel de base demand\u00e9e pour chaque atelier : mat\u00e9riel adulte : le mat\u00e9riel de base est disponible sur place. Chacun peut apporter son mat\u00e9riel sp\u00e9cifique si souhait\u00e9.<\/p>\n","protected":false},"author":1,"featured_media":0,"parent":437,"menu_order":10,"comment_status":"closed","ping_status":"closed","template":"","meta":{"_monsterinsights_skip_tracking":false,"_monsterinsights_sitenote_active":false,"_monsterinsights_sitenote_note":"","_monsterinsights_sitenote_category":0,"footnotes":""},"tags":[],"class_list":["post-1661","page","type-page","status-publish","hentry"],"_links":{"self":[{"href":"https:\/\/www.murielorange.com\/index.php?rest_route=\/wp\/v2\/pages\/1661","targetHints":{"allow":["GET"]}}],"collection":[{"href":"https:\/\/www.murielorange.com\/index.php?rest_route=\/wp\/v2\/pages"}],"about":[{"href":"https:\/\/www.murielorange.com\/index.php?rest_route=\/wp\/v2\/types\/page"}],"author":[{"embeddable":true,"href":"https:\/\/www.murielorange.com\/index.php?rest_route=\/wp\/v2\/users\/1"}],"replies":[{"embeddable":true,"href":"https:\/\/www.murielorange.com\/index.php?rest_route=%2Fwp%2Fv2%2Fcomments&post=1661"}],"version-history":[{"count":3,"href":"https:\/\/www.murielorange.com\/index.php?rest_route=\/wp\/v2\/pages\/1661\/revisions"}],"predecessor-version":[{"id":1677,"href":"https:\/\/www.murielorange.com\/index.php?rest_route=\/wp\/v2\/pages\/1661\/revisions\/1677"}],"up":[{"embeddable":true,"href":"https:\/\/www.murielorange.com\/index.php?rest_route=\/wp\/v2\/pages\/437"}],"wp:attachment":[{"href":"https:\/\/www.murielorange.com\/index.php?rest_route=%2Fwp%2Fv2%2Fmedia&parent=1661"}],"wp:term":[{"taxonomy":"post_tag","embeddable":true,"href":"https:\/\/www.murielorange.com\/index.php?rest_route=%2Fwp%2Fv2%2Ftags&post=1661"}],"curies":[{"name":"wp","href":"https:\/\/api.w.org\/{rel}","templated":true}]}}