{"id":1676,"date":"2024-04-12T14:32:38","date_gmt":"2024-04-12T12:32:38","guid":{"rendered":"http:\/\/www.murielorange.com\/?page_id=1676"},"modified":"2024-04-12T17:03:22","modified_gmt":"2024-04-12T15:03:22","slug":"ados-dessin","status":"publish","type":"page","link":"https:\/\/www.murielorange.com\/?page_id=1676","title":{"rendered":"Dessin ado"},"content":{"rendered":"\n<p>Chaque ado vient avec son projet, son image et nous construisons ensemble la r\u00e9alisation. Prendre confiance en soi, comprendre la structure d&rsquo;une image, les couleurs, les techniques possibles&#8230;<\/p>\n\n\n\n<p>A l&rsquo;atelier, les projets sont tr\u00e8s diff\u00e9rents, ce qui fait la richesse du groupe. Toutes les images et les techniques sont les bienvenues. Aucun pr\u00e9-requis n&rsquo;est demand\u00e9, juste l&rsquo;envie de se lancer et de cr\u00e9er. <\/p>\n\n\n\n<p>Une ambiance cool et entre jeunes ! Dessin classique ou univers Manga, viens avec ce que tu aimes !<\/p>\n\n\n\n<p>Ateliers selon les calendriers scolaires FR et NL. <\/p>\n\n\n\n<div class=\"wp-block-file\"><a href=\"http:\/\/www.murielorange.com\/blogorange\/wordpress\/wp-content\/uploads\/2024\/04\/planning-24_25.pdf\">Voici le planning 2024-2025 avec toutes les informations et les modalit\u00e9s d&rsquo;inscription :<\/a><a href=\"http:\/\/www.murielorange.com\/blogorange\/wordpress\/wp-content\/uploads\/2024\/04\/planning-24_25.pdf\" class=\"wp-block-file__button\" download>T\u00e9l\u00e9charger<\/a><\/div>\n\n\n\n<div class=\"wp-block-columns is-layout-flex wp-container-core-columns-is-layout-9d6595d7 wp-block-columns-is-layout-flex\">\n<div class=\"wp-block-column is-layout-flow wp-block-column-is-layout-flow\" style=\"flex-basis:100%\">\n<figure class=\"wp-block-image size-large is-resized\"><img loading=\"lazy\" decoding=\"async\" src=\"http:\/\/www.murielorange.com\/blogorange\/wordpress\/wp-content\/uploads\/2024\/04\/IMG_20240412_162322-747x1024.jpg\" alt=\"\" class=\"wp-image-1724\" width=\"303\" height=\"409\"\/><\/figure>\n<\/div>\n<\/div>\n\n\n\n<figure class=\"wp-block-image size-large is-resized\"><img loading=\"lazy\" decoding=\"async\" src=\"http:\/\/www.murielorange.com\/blogorange\/wordpress\/wp-content\/uploads\/2024\/04\/IMG_20240412_162129-758x1024.jpg\" alt=\"\" class=\"wp-image-1725\" width=\"306\" height=\"413\" srcset=\"https:\/\/www.murielorange.com\/blogorange\/wordpress\/wp-content\/uploads\/2024\/04\/IMG_20240412_162129-758x1024.jpg 758w, https:\/\/www.murielorange.com\/blogorange\/wordpress\/wp-content\/uploads\/2024\/04\/IMG_20240412_162129-222x300.jpg 222w, https:\/\/www.murielorange.com\/blogorange\/wordpress\/wp-content\/uploads\/2024\/04\/IMG_20240412_162129-768x1038.jpg 768w, https:\/\/www.murielorange.com\/blogorange\/wordpress\/wp-content\/uploads\/2024\/04\/IMG_20240412_162129-333x450.jpg 333w, https:\/\/www.murielorange.com\/blogorange\/wordpress\/wp-content\/uploads\/2024\/04\/IMG_20240412_162129-1137x1536.jpg 1137w, https:\/\/www.murielorange.com\/blogorange\/wordpress\/wp-content\/uploads\/2024\/04\/IMG_20240412_162129.jpg 1273w\" sizes=\"auto, (max-width: 306px) 100vw, 306px\" \/><\/figure>\n\n\n\n<figure class=\"wp-block-image size-large is-resized\"><img loading=\"lazy\" decoding=\"async\" src=\"http:\/\/www.murielorange.com\/blogorange\/wordpress\/wp-content\/uploads\/2024\/04\/IMG_20240412_162442-732x1024.jpg\" alt=\"\" class=\"wp-image-1727\" width=\"227\" height=\"317\" srcset=\"https:\/\/www.murielorange.com\/blogorange\/wordpress\/wp-content\/uploads\/2024\/04\/IMG_20240412_162442-732x1024.jpg 732w, https:\/\/www.murielorange.com\/blogorange\/wordpress\/wp-content\/uploads\/2024\/04\/IMG_20240412_162442-214x300.jpg 214w, https:\/\/www.murielorange.com\/blogorange\/wordpress\/wp-content\/uploads\/2024\/04\/IMG_20240412_162442-768x1075.jpg 768w, https:\/\/www.murielorange.com\/blogorange\/wordpress\/wp-content\/uploads\/2024\/04\/IMG_20240412_162442-321x450.jpg 321w, https:\/\/www.murielorange.com\/blogorange\/wordpress\/wp-content\/uploads\/2024\/04\/IMG_20240412_162442-1097x1536.jpg 1097w, https:\/\/www.murielorange.com\/blogorange\/wordpress\/wp-content\/uploads\/2024\/04\/IMG_20240412_162442.jpg 1451w\" sizes=\"auto, (max-width: 227px) 100vw, 227px\" \/><\/figure>\n\n\n\n<figure class=\"wp-block-image size-large is-resized\"><img loading=\"lazy\" decoding=\"async\" src=\"http:\/\/www.murielorange.com\/blogorange\/wordpress\/wp-content\/uploads\/2024\/04\/IMG_20240412_162342-580x1024.jpg\" alt=\"\" class=\"wp-image-1729\" width=\"326\" height=\"576\" srcset=\"https:\/\/www.murielorange.com\/blogorange\/wordpress\/wp-content\/uploads\/2024\/04\/IMG_20240412_162342-580x1024.jpg 580w, https:\/\/www.murielorange.com\/blogorange\/wordpress\/wp-content\/uploads\/2024\/04\/IMG_20240412_162342-170x300.jpg 170w, https:\/\/www.murielorange.com\/blogorange\/wordpress\/wp-content\/uploads\/2024\/04\/IMG_20240412_162342-768x1356.jpg 768w, https:\/\/www.murielorange.com\/blogorange\/wordpress\/wp-content\/uploads\/2024\/04\/IMG_20240412_162342-255x450.jpg 255w, https:\/\/www.murielorange.com\/blogorange\/wordpress\/wp-content\/uploads\/2024\/04\/IMG_20240412_162342-870x1536.jpg 870w, https:\/\/www.murielorange.com\/blogorange\/wordpress\/wp-content\/uploads\/2024\/04\/IMG_20240412_162342-1160x2048.jpg 1160w, https:\/\/www.murielorange.com\/blogorange\/wordpress\/wp-content\/uploads\/2024\/04\/IMG_20240412_162342.jpg 1229w\" sizes=\"auto, (max-width: 326px) 100vw, 326px\" \/><\/figure>\n\n\n\n<figure class=\"wp-block-image size-large is-resized\"><img loading=\"lazy\" decoding=\"async\" src=\"http:\/\/www.murielorange.com\/blogorange\/wordpress\/wp-content\/uploads\/2024\/04\/IMG_20240412_162247-698x1024.jpg\" alt=\"\" class=\"wp-image-1730\" width=\"374\" height=\"548\" srcset=\"https:\/\/www.murielorange.com\/blogorange\/wordpress\/wp-content\/uploads\/2024\/04\/IMG_20240412_162247-698x1024.jpg 698w, https:\/\/www.murielorange.com\/blogorange\/wordpress\/wp-content\/uploads\/2024\/04\/IMG_20240412_162247-204x300.jpg 204w, https:\/\/www.murielorange.com\/blogorange\/wordpress\/wp-content\/uploads\/2024\/04\/IMG_20240412_162247-768x1127.jpg 768w, https:\/\/www.murielorange.com\/blogorange\/wordpress\/wp-content\/uploads\/2024\/04\/IMG_20240412_162247-307x450.jpg 307w, https:\/\/www.murielorange.com\/blogorange\/wordpress\/wp-content\/uploads\/2024\/04\/IMG_20240412_162247-1047x1536.jpg 1047w, https:\/\/www.murielorange.com\/blogorange\/wordpress\/wp-content\/uploads\/2024\/04\/IMG_20240412_162247-1396x2048.jpg 1396w, https:\/\/www.murielorange.com\/blogorange\/wordpress\/wp-content\/uploads\/2024\/04\/IMG_20240412_162247.jpg 1506w\" sizes=\"auto, (max-width: 374px) 100vw, 374px\" \/><\/figure>\n\n\n\n<figure class=\"wp-block-image size-large is-resized\"><img loading=\"lazy\" decoding=\"async\" src=\"http:\/\/www.murielorange.com\/blogorange\/wordpress\/wp-content\/uploads\/2024\/04\/IMG_20240412_162357-783x1024.jpg\" alt=\"\" class=\"wp-image-1731\" width=\"363\" height=\"475\" srcset=\"https:\/\/www.murielorange.com\/blogorange\/wordpress\/wp-content\/uploads\/2024\/04\/IMG_20240412_162357-783x1024.jpg 783w, https:\/\/www.murielorange.com\/blogorange\/wordpress\/wp-content\/uploads\/2024\/04\/IMG_20240412_162357-229x300.jpg 229w, https:\/\/www.murielorange.com\/blogorange\/wordpress\/wp-content\/uploads\/2024\/04\/IMG_20240412_162357-768x1005.jpg 768w, https:\/\/www.murielorange.com\/blogorange\/wordpress\/wp-content\/uploads\/2024\/04\/IMG_20240412_162357-344x450.jpg 344w, https:\/\/www.murielorange.com\/blogorange\/wordpress\/wp-content\/uploads\/2024\/04\/IMG_20240412_162357-1174x1536.jpg 1174w, https:\/\/www.murielorange.com\/blogorange\/wordpress\/wp-content\/uploads\/2024\/04\/IMG_20240412_162357-1565x2048.jpg 1565w, https:\/\/www.murielorange.com\/blogorange\/wordpress\/wp-content\/uploads\/2024\/04\/IMG_20240412_162357.jpg 1800w\" sizes=\"auto, (max-width: 363px) 100vw, 363px\" \/><\/figure>\n\n\n\n<figure class=\"wp-block-image size-large is-resized\"><img loading=\"lazy\" decoding=\"async\" src=\"http:\/\/www.murielorange.com\/blogorange\/wordpress\/wp-content\/uploads\/2024\/04\/IMG_20240412_162051-1024x842.jpg\" alt=\"\" class=\"wp-image-1732\" width=\"275\" height=\"225\" srcset=\"https:\/\/www.murielorange.com\/blogorange\/wordpress\/wp-content\/uploads\/2024\/04\/IMG_20240412_162051-1024x842.jpg 1024w, https:\/\/www.murielorange.com\/blogorange\/wordpress\/wp-content\/uploads\/2024\/04\/IMG_20240412_162051-300x247.jpg 300w, https:\/\/www.murielorange.com\/blogorange\/wordpress\/wp-content\/uploads\/2024\/04\/IMG_20240412_162051-768x632.jpg 768w, https:\/\/www.murielorange.com\/blogorange\/wordpress\/wp-content\/uploads\/2024\/04\/IMG_20240412_162051-450x370.jpg 450w, https:\/\/www.murielorange.com\/blogorange\/wordpress\/wp-content\/uploads\/2024\/04\/IMG_20240412_162051-1536x1263.jpg 1536w, https:\/\/www.murielorange.com\/blogorange\/wordpress\/wp-content\/uploads\/2024\/04\/IMG_20240412_162051-2048x1684.jpg 2048w\" sizes=\"auto, (max-width: 275px) 100vw, 275px\" \/><\/figure>\n","protected":false},"excerpt":{"rendered":"<p>Chaque ado vient avec son projet, son image et nous construisons ensemble la r\u00e9alisation. Prendre confiance en soi, comprendre la structure d&rsquo;une image, les couleurs, les techniques possibles&#8230; A l&rsquo;atelier, les projets sont tr\u00e8s diff\u00e9rents, ce qui fait la richesse &hellip; <a href=\"https:\/\/www.murielorange.com\/?page_id=1676\">Continuer la lecture <span class=\"meta-nav\">&rarr;<\/span><\/a><\/p>\n","protected":false},"author":2,"featured_media":0,"parent":437,"menu_order":1,"comment_status":"closed","ping_status":"closed","template":"","meta":{"_monsterinsights_skip_tracking":false,"_monsterinsights_sitenote_active":false,"_monsterinsights_sitenote_note":"","_monsterinsights_sitenote_category":0,"footnotes":""},"tags":[],"class_list":["post-1676","page","type-page","status-publish","hentry"],"_links":{"self":[{"href":"https:\/\/www.murielorange.com\/index.php?rest_route=\/wp\/v2\/pages\/1676","targetHints":{"allow":["GET"]}}],"collection":[{"href":"https:\/\/www.murielorange.com\/index.php?rest_route=\/wp\/v2\/pages"}],"about":[{"href":"https:\/\/www.murielorange.com\/index.php?rest_route=\/wp\/v2\/types\/page"}],"author":[{"embeddable":true,"href":"https:\/\/www.murielorange.com\/index.php?rest_route=\/wp\/v2\/users\/2"}],"replies":[{"embeddable":true,"href":"https:\/\/www.murielorange.com\/index.php?rest_route=%2Fwp%2Fv2%2Fcomments&post=1676"}],"version-history":[{"count":6,"href":"https:\/\/www.murielorange.com\/index.php?rest_route=\/wp\/v2\/pages\/1676\/revisions"}],"predecessor-version":[{"id":1760,"href":"https:\/\/www.murielorange.com\/index.php?rest_route=\/wp\/v2\/pages\/1676\/revisions\/1760"}],"up":[{"embeddable":true,"href":"https:\/\/www.murielorange.com\/index.php?rest_route=\/wp\/v2\/pages\/437"}],"wp:attachment":[{"href":"https:\/\/www.murielorange.com\/index.php?rest_route=%2Fwp%2Fv2%2Fmedia&parent=1676"}],"wp:term":[{"taxonomy":"post_tag","embeddable":true,"href":"https:\/\/www.murielorange.com\/index.php?rest_route=%2Fwp%2Fv2%2Ftags&post=1676"}],"curies":[{"name":"wp","href":"https:\/\/api.w.org\/{rel}","templated":true}]}}