{"id":1681,"date":"2024-04-12T14:38:38","date_gmt":"2024-04-12T12:38:38","guid":{"rendered":"http:\/\/www.murielorange.com\/?page_id=1681"},"modified":"2024-04-12T16:39:35","modified_gmt":"2024-04-12T14:39:35","slug":"ados-manga","status":"publish","type":"page","link":"https:\/\/www.murielorange.com\/?page_id=1681","title":{"rendered":"Manga ado"},"content":{"rendered":"\n<p>Quel univers graphique int\u00e9ressant! C&rsquo;est g\u00e9nial de pouvoir dessiner, peindre, encrer des personnages complexes ou simples. Mais cela ne s&rsquo;improvise pas. Ici, tu pourras tester et comprendre les diverses techniques de personnages, de cadrage, de d\u00e9cors, de couleurs, les expressions&#8230;. <\/p>\n\n\n\n<p>C&rsquo;est toujours mieux de s&rsquo;inspirer de ce que l&rsquo;on lit. &#8230;Alors, on prend ses images dans son sac et on tente de reproduire \u00e0 sa mani\u00e8re un univers personnel. <\/p>\n\n\n\n<p>Aucun pr\u00e9-requis n\u00e9cessaire. Si tu d\u00e9butes, on commence par des choses simples, si tu es un pro, je t&rsquo;encourage \u00e0 aller d\u00e9couvrir plus loin que ce que tu vois&#8230; Chouette atelier entre ados sympas !  Tous les mercredis 15h45-17h15 (si tu n&rsquo;es pas disponible, tu peux alors aller \u00e0 l&rsquo;atelier ado du samedi 11h00-12h30, \u00e9galement ouvert aux mangas).<\/p>\n\n\n\n<p><br \/>Au programme :<br \/>\u2022 Les bases : apprenez \u00e0 dessiner le visage et le corps humain, de face. Apprenez \u00e0 dessiner les \u00e9motions, ainsi que le visage et le corps humain en mouvement, et dans diff\u00e9rents angles.<br \/>\u2022 Explorez diff\u00e9rents styles et donnez de la personnalit\u00e9 \u00e0 vos dessins !<br \/>\u2022 Apprentissage des outils : crayon, encre de chine, feutres \u00e0 alcool, aquarelle, \u2026 <br \/><br \/><\/p>\n\n\n\n<p>Bienvenue aussi aux ados qui souhaitent dessiner autre chose&#8230;.\u00e9videmment.<\/p>\n\n\n\n<div class=\"wp-block-file\"><a href=\"http:\/\/www.murielorange.com\/blogorange\/wordpress\/wp-content\/uploads\/2024\/04\/planning-24_25.pdf\">Voici le planning 2024-2025 avec toutes les informations et les modalit\u00e9s d&rsquo;inscription :<\/a><a href=\"http:\/\/www.murielorange.com\/blogorange\/wordpress\/wp-content\/uploads\/2024\/04\/planning-24_25.pdf\" class=\"wp-block-file__button\" download>T\u00e9l\u00e9charger<\/a><\/div>\n\n\n\n<figure class=\"wp-block-gallery columns-1 is-cropped wp-block-gallery-1 is-layout-flex wp-block-gallery-is-layout-flex\"><ul class=\"blocks-gallery-grid\"><li class=\"blocks-gallery-item\"><figure><img loading=\"lazy\" decoding=\"async\" width=\"740\" height=\"1024\" src=\"http:\/\/www.murielorange.com\/blogorange\/wordpress\/wp-content\/uploads\/2024\/04\/IMG_20240412_162146-740x1024.jpg\" alt=\"\" data-id=\"1717\" class=\"wp-image-1717\" srcset=\"https:\/\/www.murielorange.com\/blogorange\/wordpress\/wp-content\/uploads\/2024\/04\/IMG_20240412_162146-740x1024.jpg 740w, https:\/\/www.murielorange.com\/blogorange\/wordpress\/wp-content\/uploads\/2024\/04\/IMG_20240412_162146-217x300.jpg 217w, https:\/\/www.murielorange.com\/blogorange\/wordpress\/wp-content\/uploads\/2024\/04\/IMG_20240412_162146-768x1062.jpg 768w, https:\/\/www.murielorange.com\/blogorange\/wordpress\/wp-content\/uploads\/2024\/04\/IMG_20240412_162146-325x450.jpg 325w, https:\/\/www.murielorange.com\/blogorange\/wordpress\/wp-content\/uploads\/2024\/04\/IMG_20240412_162146-1111x1536.jpg 1111w, https:\/\/www.murielorange.com\/blogorange\/wordpress\/wp-content\/uploads\/2024\/04\/IMG_20240412_162146-1481x2048.jpg 1481w, https:\/\/www.murielorange.com\/blogorange\/wordpress\/wp-content\/uploads\/2024\/04\/IMG_20240412_162146.jpg 1799w\" sizes=\"auto, (max-width: 740px) 100vw, 740px\" \/><\/figure><\/li><\/ul><\/figure>\n\n\n\n<figure class=\"wp-block-image size-medium\"><img loading=\"lazy\" decoding=\"async\" width=\"225\" height=\"300\" src=\"http:\/\/www.murielorange.com\/blogorange\/wordpress\/wp-content\/uploads\/2024\/04\/IMG20231011164959-225x300.jpg\" alt=\"\" class=\"wp-image-1718\" srcset=\"https:\/\/www.murielorange.com\/blogorange\/wordpress\/wp-content\/uploads\/2024\/04\/IMG20231011164959-225x300.jpg 225w, https:\/\/www.murielorange.com\/blogorange\/wordpress\/wp-content\/uploads\/2024\/04\/IMG20231011164959-768x1024.jpg 768w, https:\/\/www.murielorange.com\/blogorange\/wordpress\/wp-content\/uploads\/2024\/04\/IMG20231011164959-338x450.jpg 338w, https:\/\/www.murielorange.com\/blogorange\/wordpress\/wp-content\/uploads\/2024\/04\/IMG20231011164959-1152x1536.jpg 1152w, https:\/\/www.murielorange.com\/blogorange\/wordpress\/wp-content\/uploads\/2024\/04\/IMG20231011164959-1536x2048.jpg 1536w, https:\/\/www.murielorange.com\/blogorange\/wordpress\/wp-content\/uploads\/2024\/04\/IMG20231011164959-scaled.jpg 1920w\" sizes=\"auto, (max-width: 225px) 100vw, 225px\" \/><\/figure>\n\n\n\n<figure class=\"wp-block-image size-large is-resized\"><img loading=\"lazy\" decoding=\"async\" src=\"http:\/\/www.murielorange.com\/blogorange\/wordpress\/wp-content\/uploads\/2024\/04\/IMG20231011160109-768x1024.jpg\" alt=\"\" class=\"wp-image-1719\" width=\"253\" height=\"337\" srcset=\"https:\/\/www.murielorange.com\/blogorange\/wordpress\/wp-content\/uploads\/2024\/04\/IMG20231011160109-768x1024.jpg 768w, https:\/\/www.murielorange.com\/blogorange\/wordpress\/wp-content\/uploads\/2024\/04\/IMG20231011160109-225x300.jpg 225w, https:\/\/www.murielorange.com\/blogorange\/wordpress\/wp-content\/uploads\/2024\/04\/IMG20231011160109-338x450.jpg 338w, https:\/\/www.murielorange.com\/blogorange\/wordpress\/wp-content\/uploads\/2024\/04\/IMG20231011160109-1152x1536.jpg 1152w, https:\/\/www.murielorange.com\/blogorange\/wordpress\/wp-content\/uploads\/2024\/04\/IMG20231011160109-1536x2048.jpg 1536w, https:\/\/www.murielorange.com\/blogorange\/wordpress\/wp-content\/uploads\/2024\/04\/IMG20231011160109-scaled.jpg 1920w\" sizes=\"auto, (max-width: 253px) 100vw, 253px\" \/><\/figure>\n\n\n\n<figure class=\"wp-block-image size-large is-resized\"><img loading=\"lazy\" decoding=\"async\" src=\"http:\/\/www.murielorange.com\/blogorange\/wordpress\/wp-content\/uploads\/2024\/04\/IMG_20240412_162503-700x1024.jpg\" alt=\"\" class=\"wp-image-1720\" width=\"416\" height=\"608\" srcset=\"https:\/\/www.murielorange.com\/blogorange\/wordpress\/wp-content\/uploads\/2024\/04\/IMG_20240412_162503-700x1024.jpg 700w, https:\/\/www.murielorange.com\/blogorange\/wordpress\/wp-content\/uploads\/2024\/04\/IMG_20240412_162503-205x300.jpg 205w, https:\/\/www.murielorange.com\/blogorange\/wordpress\/wp-content\/uploads\/2024\/04\/IMG_20240412_162503-768x1124.jpg 768w, https:\/\/www.murielorange.com\/blogorange\/wordpress\/wp-content\/uploads\/2024\/04\/IMG_20240412_162503-308x450.jpg 308w, https:\/\/www.murielorange.com\/blogorange\/wordpress\/wp-content\/uploads\/2024\/04\/IMG_20240412_162503-1050x1536.jpg 1050w, https:\/\/www.murielorange.com\/blogorange\/wordpress\/wp-content\/uploads\/2024\/04\/IMG_20240412_162503-1400x2048.jpg 1400w, https:\/\/www.murielorange.com\/blogorange\/wordpress\/wp-content\/uploads\/2024\/04\/IMG_20240412_162503.jpg 1600w\" sizes=\"auto, (max-width: 416px) 100vw, 416px\" \/><\/figure>\n\n\n\n<figure class=\"wp-block-image size-large is-resized\"><img loading=\"lazy\" decoding=\"async\" src=\"http:\/\/www.murielorange.com\/blogorange\/wordpress\/wp-content\/uploads\/2024\/04\/IMG_20240412_162218-759x1024.jpg\" alt=\"\" class=\"wp-image-1722\" width=\"322\" height=\"434\" srcset=\"https:\/\/www.murielorange.com\/blogorange\/wordpress\/wp-content\/uploads\/2024\/04\/IMG_20240412_162218-759x1024.jpg 759w, https:\/\/www.murielorange.com\/blogorange\/wordpress\/wp-content\/uploads\/2024\/04\/IMG_20240412_162218-222x300.jpg 222w, https:\/\/www.murielorange.com\/blogorange\/wordpress\/wp-content\/uploads\/2024\/04\/IMG_20240412_162218-768x1036.jpg 768w, https:\/\/www.murielorange.com\/blogorange\/wordpress\/wp-content\/uploads\/2024\/04\/IMG_20240412_162218-334x450.jpg 334w, https:\/\/www.murielorange.com\/blogorange\/wordpress\/wp-content\/uploads\/2024\/04\/IMG_20240412_162218-1139x1536.jpg 1139w, https:\/\/www.murielorange.com\/blogorange\/wordpress\/wp-content\/uploads\/2024\/04\/IMG_20240412_162218-1519x2048.jpg 1519w, https:\/\/www.murielorange.com\/blogorange\/wordpress\/wp-content\/uploads\/2024\/04\/IMG_20240412_162218.jpg 1800w\" sizes=\"auto, (max-width: 322px) 100vw, 322px\" \/><\/figure>\n\n\n\n<p><\/p>\n","protected":false},"excerpt":{"rendered":"<p>Quel univers graphique int\u00e9ressant! C&rsquo;est g\u00e9nial de pouvoir dessiner, peindre, encrer des personnages complexes ou simples. Mais cela ne s&rsquo;improvise pas. Ici, tu pourras tester et comprendre les diverses techniques de personnages, de cadrage, de d\u00e9cors, de couleurs, les expressions&#8230;. &hellip; <a href=\"https:\/\/www.murielorange.com\/?page_id=1681\">Continuer la lecture <span class=\"meta-nav\">&rarr;<\/span><\/a><\/p>\n","protected":false},"author":2,"featured_media":0,"parent":437,"menu_order":0,"comment_status":"closed","ping_status":"closed","template":"","meta":{"_monsterinsights_skip_tracking":false,"_monsterinsights_sitenote_active":false,"_monsterinsights_sitenote_note":"","_monsterinsights_sitenote_category":0,"footnotes":""},"tags":[],"class_list":["post-1681","page","type-page","status-publish","hentry"],"_links":{"self":[{"href":"https:\/\/www.murielorange.com\/index.php?rest_route=\/wp\/v2\/pages\/1681","targetHints":{"allow":["GET"]}}],"collection":[{"href":"https:\/\/www.murielorange.com\/index.php?rest_route=\/wp\/v2\/pages"}],"about":[{"href":"https:\/\/www.murielorange.com\/index.php?rest_route=\/wp\/v2\/types\/page"}],"author":[{"embeddable":true,"href":"https:\/\/www.murielorange.com\/index.php?rest_route=\/wp\/v2\/users\/2"}],"replies":[{"embeddable":true,"href":"https:\/\/www.murielorange.com\/index.php?rest_route=%2Fwp%2Fv2%2Fcomments&post=1681"}],"version-history":[{"count":7,"href":"https:\/\/www.murielorange.com\/index.php?rest_route=\/wp\/v2\/pages\/1681\/revisions"}],"predecessor-version":[{"id":1723,"href":"https:\/\/www.murielorange.com\/index.php?rest_route=\/wp\/v2\/pages\/1681\/revisions\/1723"}],"up":[{"embeddable":true,"href":"https:\/\/www.murielorange.com\/index.php?rest_route=\/wp\/v2\/pages\/437"}],"wp:attachment":[{"href":"https:\/\/www.murielorange.com\/index.php?rest_route=%2Fwp%2Fv2%2Fmedia&parent=1681"}],"wp:term":[{"taxonomy":"post_tag","embeddable":true,"href":"https:\/\/www.murielorange.com\/index.php?rest_route=%2Fwp%2Fv2%2Ftags&post=1681"}],"curies":[{"name":"wp","href":"https:\/\/api.w.org\/{rel}","templated":true}]}}