{"id":1695,"date":"2024-04-12T15:44:00","date_gmt":"2024-04-12T13:44:00","guid":{"rendered":"http:\/\/www.murielorange.com\/?page_id=1695"},"modified":"2024-04-12T17:02:47","modified_gmt":"2024-04-12T15:02:47","slug":"manga-enfant","status":"publish","type":"page","link":"https:\/\/www.murielorange.com\/?page_id=1695","title":{"rendered":"Manga enfant"},"content":{"rendered":"\n<p>Dessiner est une tr\u00e8s bonne maladie! Et l&rsquo;univers graphique des manges est vraiment une tr\u00e8s bonne base pour construire son apprentissage en dessin et mise ne couleurs. <\/p>\n\n\n\n<p>En pratique, chaque enfant aura \u00e0 sa disposition les \u00e9tapes de l&rsquo;apprentissage: les yeux, les cheveux, les habits, les visages. Etape par \u00e9tape on dessine et on apprend certaine notion. Assez vite, on arrive \u00e0 devenir fort et \u00eatre fier de son travail. La mise en couleur est aux marqueurs \u00e0 alcool principalement, mais certains vont plus loin&#8230;<\/p>\n\n\n\n<p>Vous \u00eates d\u00e9j\u00e0 avec de grands artistes \u00e0 la maison, ils peuvent venir avec leurs images et ils iront plus loin. Chacun \u00e0 son rythme!<\/p>\n\n\n\n<div class=\"wp-block-file\"><a href=\"http:\/\/www.murielorange.com\/blogorange\/wordpress\/wp-content\/uploads\/2024\/04\/planning-24_25.pdf\">Voici le planning 2024-2025 avec toutes les informations et les modalit\u00e9s d&rsquo;inscription :<\/a><a href=\"http:\/\/www.murielorange.com\/blogorange\/wordpress\/wp-content\/uploads\/2024\/04\/planning-24_25.pdf\" class=\"wp-block-file__button\" download>T\u00e9l\u00e9charger<\/a><\/div>\n\n\n\n<figure class=\"wp-block-image size-large is-resized\"><img loading=\"lazy\" decoding=\"async\" src=\"http:\/\/www.murielorange.com\/blogorange\/wordpress\/wp-content\/uploads\/2024\/04\/IMG_20240412_161755-758x1024.jpg\" alt=\"\" class=\"wp-image-1746\" width=\"235\" height=\"318\" srcset=\"https:\/\/www.murielorange.com\/blogorange\/wordpress\/wp-content\/uploads\/2024\/04\/IMG_20240412_161755-758x1024.jpg 758w, https:\/\/www.murielorange.com\/blogorange\/wordpress\/wp-content\/uploads\/2024\/04\/IMG_20240412_161755-222x300.jpg 222w, https:\/\/www.murielorange.com\/blogorange\/wordpress\/wp-content\/uploads\/2024\/04\/IMG_20240412_161755-768x1037.jpg 768w, https:\/\/www.murielorange.com\/blogorange\/wordpress\/wp-content\/uploads\/2024\/04\/IMG_20240412_161755-333x450.jpg 333w, https:\/\/www.murielorange.com\/blogorange\/wordpress\/wp-content\/uploads\/2024\/04\/IMG_20240412_161755-1137x1536.jpg 1137w, https:\/\/www.murielorange.com\/blogorange\/wordpress\/wp-content\/uploads\/2024\/04\/IMG_20240412_161755-1516x2048.jpg 1516w, https:\/\/www.murielorange.com\/blogorange\/wordpress\/wp-content\/uploads\/2024\/04\/IMG_20240412_161755.jpg 1703w\" sizes=\"auto, (max-width: 235px) 100vw, 235px\" \/><\/figure>\n\n\n\n<figure class=\"wp-block-image size-large\"><img loading=\"lazy\" decoding=\"async\" width=\"461\" height=\"1024\" src=\"http:\/\/www.murielorange.com\/blogorange\/wordpress\/wp-content\/uploads\/2024\/04\/IMG20231220151630-461x1024.jpg\" alt=\"\" class=\"wp-image-1747\" srcset=\"https:\/\/www.murielorange.com\/blogorange\/wordpress\/wp-content\/uploads\/2024\/04\/IMG20231220151630-461x1024.jpg 461w, https:\/\/www.murielorange.com\/blogorange\/wordpress\/wp-content\/uploads\/2024\/04\/IMG20231220151630-135x300.jpg 135w, https:\/\/www.murielorange.com\/blogorange\/wordpress\/wp-content\/uploads\/2024\/04\/IMG20231220151630-768x1707.jpg 768w, https:\/\/www.murielorange.com\/blogorange\/wordpress\/wp-content\/uploads\/2024\/04\/IMG20231220151630-203x450.jpg 203w, https:\/\/www.murielorange.com\/blogorange\/wordpress\/wp-content\/uploads\/2024\/04\/IMG20231220151630-691x1536.jpg 691w, https:\/\/www.murielorange.com\/blogorange\/wordpress\/wp-content\/uploads\/2024\/04\/IMG20231220151630-922x2048.jpg 922w, https:\/\/www.murielorange.com\/blogorange\/wordpress\/wp-content\/uploads\/2024\/04\/IMG20231220151630-scaled.jpg 1152w\" sizes=\"auto, (max-width: 461px) 100vw, 461px\" \/><\/figure>\n\n\n\n<figure class=\"wp-block-image size-large is-resized\"><img loading=\"lazy\" decoding=\"async\" src=\"http:\/\/www.murielorange.com\/blogorange\/wordpress\/wp-content\/uploads\/2024\/04\/IMG20231213150857-768x1024.jpg\" alt=\"\" class=\"wp-image-1749\" width=\"458\" height=\"611\" srcset=\"https:\/\/www.murielorange.com\/blogorange\/wordpress\/wp-content\/uploads\/2024\/04\/IMG20231213150857-768x1024.jpg 768w, https:\/\/www.murielorange.com\/blogorange\/wordpress\/wp-content\/uploads\/2024\/04\/IMG20231213150857-225x300.jpg 225w, https:\/\/www.murielorange.com\/blogorange\/wordpress\/wp-content\/uploads\/2024\/04\/IMG20231213150857-338x450.jpg 338w, https:\/\/www.murielorange.com\/blogorange\/wordpress\/wp-content\/uploads\/2024\/04\/IMG20231213150857-1152x1536.jpg 1152w, https:\/\/www.murielorange.com\/blogorange\/wordpress\/wp-content\/uploads\/2024\/04\/IMG20231213150857-1536x2048.jpg 1536w, https:\/\/www.murielorange.com\/blogorange\/wordpress\/wp-content\/uploads\/2024\/04\/IMG20231213150857-scaled.jpg 1920w\" sizes=\"auto, (max-width: 458px) 100vw, 458px\" \/><\/figure>\n\n\n\n<figure class=\"wp-block-image size-large is-resized\"><img loading=\"lazy\" decoding=\"async\" src=\"http:\/\/www.murielorange.com\/blogorange\/wordpress\/wp-content\/uploads\/2024\/04\/IMG20230201151322-1-1024x768.jpg\" alt=\"\" class=\"wp-image-1750\" width=\"567\" height=\"425\" srcset=\"https:\/\/www.murielorange.com\/blogorange\/wordpress\/wp-content\/uploads\/2024\/04\/IMG20230201151322-1-1024x768.jpg 1024w, https:\/\/www.murielorange.com\/blogorange\/wordpress\/wp-content\/uploads\/2024\/04\/IMG20230201151322-1-300x225.jpg 300w, https:\/\/www.murielorange.com\/blogorange\/wordpress\/wp-content\/uploads\/2024\/04\/IMG20230201151322-1-768x576.jpg 768w, https:\/\/www.murielorange.com\/blogorange\/wordpress\/wp-content\/uploads\/2024\/04\/IMG20230201151322-1-450x338.jpg 450w, https:\/\/www.murielorange.com\/blogorange\/wordpress\/wp-content\/uploads\/2024\/04\/IMG20230201151322-1-1536x1152.jpg 1536w, https:\/\/www.murielorange.com\/blogorange\/wordpress\/wp-content\/uploads\/2024\/04\/IMG20230201151322-1-2048x1536.jpg 2048w\" sizes=\"auto, (max-width: 567px) 100vw, 567px\" \/><\/figure>\n","protected":false},"excerpt":{"rendered":"<p>Dessiner est une tr\u00e8s bonne maladie! Et l&rsquo;univers graphique des manges est vraiment une tr\u00e8s bonne base pour construire son apprentissage en dessin et mise ne couleurs. En pratique, chaque enfant aura \u00e0 sa disposition les \u00e9tapes de l&rsquo;apprentissage: les &hellip; <a href=\"https:\/\/www.murielorange.com\/?page_id=1695\">Continuer la lecture <span class=\"meta-nav\">&rarr;<\/span><\/a><\/p>\n","protected":false},"author":2,"featured_media":0,"parent":437,"menu_order":2,"comment_status":"closed","ping_status":"closed","template":"","meta":{"_monsterinsights_skip_tracking":false,"_monsterinsights_sitenote_active":false,"_monsterinsights_sitenote_note":"","_monsterinsights_sitenote_category":0,"footnotes":""},"tags":[],"class_list":["post-1695","page","type-page","status-publish","hentry"],"_links":{"self":[{"href":"https:\/\/www.murielorange.com\/index.php?rest_route=\/wp\/v2\/pages\/1695","targetHints":{"allow":["GET"]}}],"collection":[{"href":"https:\/\/www.murielorange.com\/index.php?rest_route=\/wp\/v2\/pages"}],"about":[{"href":"https:\/\/www.murielorange.com\/index.php?rest_route=\/wp\/v2\/types\/page"}],"author":[{"embeddable":true,"href":"https:\/\/www.murielorange.com\/index.php?rest_route=\/wp\/v2\/users\/2"}],"replies":[{"embeddable":true,"href":"https:\/\/www.murielorange.com\/index.php?rest_route=%2Fwp%2Fv2%2Fcomments&post=1695"}],"version-history":[{"count":4,"href":"https:\/\/www.murielorange.com\/index.php?rest_route=\/wp\/v2\/pages\/1695\/revisions"}],"predecessor-version":[{"id":1759,"href":"https:\/\/www.murielorange.com\/index.php?rest_route=\/wp\/v2\/pages\/1695\/revisions\/1759"}],"up":[{"embeddable":true,"href":"https:\/\/www.murielorange.com\/index.php?rest_route=\/wp\/v2\/pages\/437"}],"wp:attachment":[{"href":"https:\/\/www.murielorange.com\/index.php?rest_route=%2Fwp%2Fv2%2Fmedia&parent=1695"}],"wp:term":[{"taxonomy":"post_tag","embeddable":true,"href":"https:\/\/www.murielorange.com\/index.php?rest_route=%2Fwp%2Fv2%2Ftags&post=1695"}],"curies":[{"name":"wp","href":"https:\/\/api.w.org\/{rel}","templated":true}]}}