{"id":1709,"date":"2024-04-12T15:56:28","date_gmt":"2024-04-12T13:56:28","guid":{"rendered":"http:\/\/www.murielorange.com\/?page_id=1709"},"modified":"2024-04-12T17:09:21","modified_gmt":"2024-04-12T15:09:21","slug":"ma-savonnerie","status":"publish","type":"page","link":"https:\/\/www.murielorange.com\/?page_id=1709","title":{"rendered":"Ma savonnerie"},"content":{"rendered":"\n<p>Comme vous le savez, avec mon \u00e9poux nous avons aussi notre chouette savonnerie artisanale. Nous travaillons en saponification \u00e0 froid, avec uniquement des produits d&rsquo;origine biologique.<\/p>\n\n\n\n<p>Nous organisons aussi de mani\u00e8re r\u00e9guli\u00e8re des formations en saponification \u00e0 froid. Envoyez-moi un message si vous d\u00e9sirez \u00eatre tenu au courant.<\/p>\n\n\n\n<p>Plus d&rsquo;infos sur le site : <a href=\"http:\/\/www.naoh-soap.be\" data-type=\"URL\" data-id=\"www.naoh-soap.be\">www.naoh-soap.be<\/a> <\/p>\n\n\n\n<figure class=\"wp-block-image size-large\"><img loading=\"lazy\" decoding=\"async\" width=\"576\" height=\"1024\" src=\"http:\/\/www.murielorange.com\/blogorange\/wordpress\/wp-content\/uploads\/2024\/04\/IMG20220909110155-576x1024.jpg\" alt=\"\" class=\"wp-image-1762\" srcset=\"https:\/\/www.murielorange.com\/blogorange\/wordpress\/wp-content\/uploads\/2024\/04\/IMG20220909110155-576x1024.jpg 576w, https:\/\/www.murielorange.com\/blogorange\/wordpress\/wp-content\/uploads\/2024\/04\/IMG20220909110155-169x300.jpg 169w, https:\/\/www.murielorange.com\/blogorange\/wordpress\/wp-content\/uploads\/2024\/04\/IMG20220909110155-768x1366.jpg 768w, https:\/\/www.murielorange.com\/blogorange\/wordpress\/wp-content\/uploads\/2024\/04\/IMG20220909110155-253x450.jpg 253w, https:\/\/www.murielorange.com\/blogorange\/wordpress\/wp-content\/uploads\/2024\/04\/IMG20220909110155-864x1536.jpg 864w, https:\/\/www.murielorange.com\/blogorange\/wordpress\/wp-content\/uploads\/2024\/04\/IMG20220909110155-1152x2048.jpg 1152w, https:\/\/www.murielorange.com\/blogorange\/wordpress\/wp-content\/uploads\/2024\/04\/IMG20220909110155-scaled.jpg 1439w\" sizes=\"auto, (max-width: 576px) 100vw, 576px\" \/><\/figure>\n\n\n\n<figure class=\"wp-block-image size-large\"><img loading=\"lazy\" decoding=\"async\" width=\"1024\" height=\"461\" src=\"http:\/\/www.murielorange.com\/blogorange\/wordpress\/wp-content\/uploads\/2024\/04\/20230827_155235-1024x461.jpg\" alt=\"\" class=\"wp-image-1763\" srcset=\"https:\/\/www.murielorange.com\/blogorange\/wordpress\/wp-content\/uploads\/2024\/04\/20230827_155235-1024x461.jpg 1024w, https:\/\/www.murielorange.com\/blogorange\/wordpress\/wp-content\/uploads\/2024\/04\/20230827_155235-300x135.jpg 300w, https:\/\/www.murielorange.com\/blogorange\/wordpress\/wp-content\/uploads\/2024\/04\/20230827_155235-768x346.jpg 768w, https:\/\/www.murielorange.com\/blogorange\/wordpress\/wp-content\/uploads\/2024\/04\/20230827_155235-450x203.jpg 450w, https:\/\/www.murielorange.com\/blogorange\/wordpress\/wp-content\/uploads\/2024\/04\/20230827_155235-1536x692.jpg 1536w, https:\/\/www.murielorange.com\/blogorange\/wordpress\/wp-content\/uploads\/2024\/04\/20230827_155235-2048x922.jpg 2048w\" sizes=\"auto, (max-width: 1024px) 100vw, 1024px\" \/><\/figure>\n","protected":false},"excerpt":{"rendered":"<p>Comme vous le savez, avec mon \u00e9poux nous avons aussi notre chouette savonnerie artisanale. Nous travaillons en saponification \u00e0 froid, avec uniquement des produits d&rsquo;origine biologique. Nous organisons aussi de mani\u00e8re r\u00e9guli\u00e8re des formations en saponification \u00e0 froid. Envoyez-moi un &hellip; <a href=\"https:\/\/www.murielorange.com\/?page_id=1709\">Continuer la lecture <span class=\"meta-nav\">&rarr;<\/span><\/a><\/p>\n","protected":false},"author":1,"featured_media":0,"parent":0,"menu_order":10,"comment_status":"closed","ping_status":"closed","template":"","meta":{"_monsterinsights_skip_tracking":false,"_monsterinsights_sitenote_active":false,"_monsterinsights_sitenote_note":"","_monsterinsights_sitenote_category":0,"footnotes":""},"tags":[],"class_list":["post-1709","page","type-page","status-publish","hentry"],"_links":{"self":[{"href":"https:\/\/www.murielorange.com\/index.php?rest_route=\/wp\/v2\/pages\/1709","targetHints":{"allow":["GET"]}}],"collection":[{"href":"https:\/\/www.murielorange.com\/index.php?rest_route=\/wp\/v2\/pages"}],"about":[{"href":"https:\/\/www.murielorange.com\/index.php?rest_route=\/wp\/v2\/types\/page"}],"author":[{"embeddable":true,"href":"https:\/\/www.murielorange.com\/index.php?rest_route=\/wp\/v2\/users\/1"}],"replies":[{"embeddable":true,"href":"https:\/\/www.murielorange.com\/index.php?rest_route=%2Fwp%2Fv2%2Fcomments&post=1709"}],"version-history":[{"count":3,"href":"https:\/\/www.murielorange.com\/index.php?rest_route=\/wp\/v2\/pages\/1709\/revisions"}],"predecessor-version":[{"id":1766,"href":"https:\/\/www.murielorange.com\/index.php?rest_route=\/wp\/v2\/pages\/1709\/revisions\/1766"}],"wp:attachment":[{"href":"https:\/\/www.murielorange.com\/index.php?rest_route=%2Fwp%2Fv2%2Fmedia&parent=1709"}],"wp:term":[{"taxonomy":"post_tag","embeddable":true,"href":"https:\/\/www.murielorange.com\/index.php?rest_route=%2Fwp%2Fv2%2Ftags&post=1709"}],"curies":[{"name":"wp","href":"https:\/\/api.w.org\/{rel}","templated":true}]}}