{"id":1711,"date":"2024-04-12T15:58:55","date_gmt":"2024-04-12T13:58:55","guid":{"rendered":"http:\/\/www.murielorange.com\/?page_id=1711"},"modified":"2024-04-12T15:59:23","modified_gmt":"2024-04-12T13:59:23","slug":"evenements-a-latelier","status":"publish","type":"page","link":"https:\/\/www.murielorange.com\/?page_id=1711","title":{"rendered":"Ev\u00e9nements \u00e0 l&rsquo;atelier"},"content":{"rendered":"\n<p>Nous organisons de mani\u00e8re r\u00e9guli\u00e8re des concerts intimistes ou des projections de film \u00e0 l&rsquo;atelier. Envoyez-moi un message si vous d\u00e9sirez \u00eatre tenu au courant (contact(a)murielorange.com).<\/p>\n\n\n\n<p><\/p>\n","protected":false},"excerpt":{"rendered":"<p>Nous organisons de mani\u00e8re r\u00e9guli\u00e8re des concerts intimistes ou des projections de film \u00e0 l&rsquo;atelier. Envoyez-moi un message si vous d\u00e9sirez \u00eatre tenu au courant (contact(a)murielorange.com).<\/p>\n","protected":false},"author":1,"featured_media":0,"parent":0,"menu_order":15,"comment_status":"closed","ping_status":"closed","template":"","meta":{"_monsterinsights_skip_tracking":false,"_monsterinsights_sitenote_active":false,"_monsterinsights_sitenote_note":"","_monsterinsights_sitenote_category":0,"footnotes":""},"tags":[],"class_list":["post-1711","page","type-page","status-publish","hentry"],"_links":{"self":[{"href":"https:\/\/www.murielorange.com\/index.php?rest_route=\/wp\/v2\/pages\/1711","targetHints":{"allow":["GET"]}}],"collection":[{"href":"https:\/\/www.murielorange.com\/index.php?rest_route=\/wp\/v2\/pages"}],"about":[{"href":"https:\/\/www.murielorange.com\/index.php?rest_route=\/wp\/v2\/types\/page"}],"author":[{"embeddable":true,"href":"https:\/\/www.murielorange.com\/index.php?rest_route=\/wp\/v2\/users\/1"}],"replies":[{"embeddable":true,"href":"https:\/\/www.murielorange.com\/index.php?rest_route=%2Fwp%2Fv2%2Fcomments&post=1711"}],"version-history":[{"count":1,"href":"https:\/\/www.murielorange.com\/index.php?rest_route=\/wp\/v2\/pages\/1711\/revisions"}],"predecessor-version":[{"id":1712,"href":"https:\/\/www.murielorange.com\/index.php?rest_route=\/wp\/v2\/pages\/1711\/revisions\/1712"}],"wp:attachment":[{"href":"https:\/\/www.murielorange.com\/index.php?rest_route=%2Fwp%2Fv2%2Fmedia&parent=1711"}],"wp:term":[{"taxonomy":"post_tag","embeddable":true,"href":"https:\/\/www.murielorange.com\/index.php?rest_route=%2Fwp%2Fv2%2Ftags&post=1711"}],"curies":[{"name":"wp","href":"https:\/\/api.w.org\/{rel}","templated":true}]}}