{"id":2,"date":"2011-10-30T20:13:48","date_gmt":"2011-10-30T20:13:48","guid":{"rendered":"http:\/\/www.murielorange.com\/blogorange\/wordpress\/?page_id=2"},"modified":"2025-05-05T13:30:24","modified_gmt":"2025-05-05T11:30:24","slug":"page-d-exemple","status":"publish","type":"page","link":"https:\/\/www.murielorange.com\/","title":{"rendered":"Bienvenue chez Muriel Orange"},"content":{"rendered":"\n<div class=\"wp-block-image\"><figure class=\"aligncenter size-large is-resized\"><img loading=\"lazy\" decoding=\"async\" src=\"http:\/\/www.murielorange.com\/blogorange\/wordpress\/wp-content\/uploads\/2024\/04\/IMG-20240412-WA0013-1024x578.jpg\" alt=\"\" class=\"wp-image-1667\" width=\"288\" height=\"162\" srcset=\"https:\/\/www.murielorange.com\/blogorange\/wordpress\/wp-content\/uploads\/2024\/04\/IMG-20240412-WA0013-1024x578.jpg 1024w, https:\/\/www.murielorange.com\/blogorange\/wordpress\/wp-content\/uploads\/2024\/04\/IMG-20240412-WA0013-300x169.jpg 300w, https:\/\/www.murielorange.com\/blogorange\/wordpress\/wp-content\/uploads\/2024\/04\/IMG-20240412-WA0013-768x433.jpg 768w, https:\/\/www.murielorange.com\/blogorange\/wordpress\/wp-content\/uploads\/2024\/04\/IMG-20240412-WA0013-450x254.jpg 450w, https:\/\/www.murielorange.com\/blogorange\/wordpress\/wp-content\/uploads\/2024\/04\/IMG-20240412-WA0013-1536x866.jpg 1536w, https:\/\/www.murielorange.com\/blogorange\/wordpress\/wp-content\/uploads\/2024\/04\/IMG-20240412-WA0013.jpg 2000w\" sizes=\"auto, (max-width: 288px) 100vw, 288px\" \/><\/figure><\/div>\n\n\n<div>Des ateliers cr\u00e9atifs toute l\u2019ann\u00e9e: <strong>atelier enfant, ado et adulte, en dessin, peinture,..<\/strong>\n<p>\u00a0<\/p>\n<p>Et si on choisissait cela pour la rentr\u00e9e 2025 ? Pour les petits ou les grands, il y a des <strong>ateliers cr\u00e9atifs<\/strong> \u00e0 Jette!<\/p>\n<p>Les inscriptions sont ouvertes. Priorit\u00e9 aux anciens en mai et ouverture \u00e0 tous le lundi 2 juin, par mail (uniquement).<\/p>\n<\/div>\n<div>Pour s&rsquo;inscrire, envoyez-moi un mail \u00e0 <a title=\"mailto:contact@murielorange.com\" href=\"mailto:contact@murielorange.com\">muriel<\/a> (a) murielorange.com avec l&rsquo;atelier souhait\u00e9. (Vous trouverez les infos sur l&rsquo;onglet \u00e0 droite. )<\/div>\n<div>S&rsquo;il reste de la place, je vous r\u00e9pondrai avec un petit message donnant le lien vers le formulaire d&rsquo;inscription.<\/div>\n<div>\u00a0<\/div>\n<div>ATTENTION que vous pouvez vous inscrire jusqu&rsquo;au 5 juillet inclus. Sinon, r\u00e9ouverture des inscriptions le 18 ao\u00fbt pour les toutes derni\u00e8res places.\u00a0<\/div>\n<div>\u00a0<\/div>\n<div>Au plaisir,<\/div>\n<div>\u00a0<\/div>\n<div>Muriel Orange<\/div>\n<div>\u00a0<\/div>\n<div>\u00a0<\/div>\n<div>\u00a0<\/div>\n<div>\u00a0<\/div>\n<div>\u00a0<\/div>\n<div>et puis&#8230;..<\/div>\n<p>Voici un endroit o\u00f9 il fait beau toute l&rsquo;ann\u00e9e! L&rsquo;orange, c&rsquo;est la couleur de la cr\u00e9ativit\u00e9&#8230;<\/p>\n<p>Pour ceux qui d\u00e9couvrent cet endroit, c&rsquo;est un lieu o\u00f9 il fait bon vivre. Je suis enseignante de formation, dipl\u00f4m\u00e9e de l&rsquo;acad\u00e9mie de peinture, graphologue et graphoth\u00e9rapeute et maman de 4 enfants. Ah quand m\u00eame \ud83d\ude42<\/p>\n<p><span style=\"font-size: inherit;\">Enseigner est une passion, cr\u00e9er en est une autre et voir l&rsquo;autre se r\u00e9jouir est tout simplement merveilleux.<\/span><\/p>\n<p>A l&rsquo;atelier, chacun a sa place pour s&rsquo;\u00e9merveiller, s&rsquo;autoriser \u00e0 cr\u00e9er, apprendre et oser. J&rsquo;adore vous voir vous \u00e9panouir dans des projets cr\u00e9atifs.<\/p>\n<p>Depuis 2010, j&rsquo;ai re\u00e7u l&rsquo;agr\u00e9ment ONE et je peux donc vous fournir \u00e0 la demande les attestations fiscales pour les cours et stages (enfants de moins de 14 ans).<\/p>\n<p>Si vous souhaitez \u00eatre inform\u00e9s des animations et concerts dans l&rsquo;atelier, contactez-moi par mail, je vous ajoute dans ma liste. Promis, pas trop de mail, pas de pub inutile :). Vous aurez plus de chance d&rsquo;avoir des places aux stages&#8230;\u00a0\u00a0 contact(a)murielorange.com<\/p>\n<p>N&rsquo;h\u00e9sitez jamais \u00e0 me contacter si vous avez des souhaits pr\u00e9cis. Ici, tout est possible ! J&rsquo;adore construire les projets avec vous&#8230;<\/p>\n<p>Puis, l&rsquo;atelier sert aussi \u00e0 d\u00e9couvrir des talents musicaux via des concerts intimistes priv\u00e9s<\/p>\n<p>En couple, nous avons \u00e9galement cr\u00e9e une savonnerie artisanale(www.naoh-soap.be). L&rsquo;atelier a donc pas mal de facettes. J&rsquo;ai h\u00e2te de vous y retrouver.<\/p>\n<p>Muriel<\/p>","protected":false},"excerpt":{"rendered":"<p>Des ateliers cr\u00e9atifs toute l\u2019ann\u00e9e: atelier enfant, ado et adulte, en dessin, peinture,.. \u00a0 Et si on choisissait cela pour la rentr\u00e9e 2025 ? Pour les petits ou les grands, il y a des ateliers cr\u00e9atifs \u00e0 Jette! Les inscriptions &hellip; <a href=\"https:\/\/www.murielorange.com\/\">Continuer la lecture <span class=\"meta-nav\">&rarr;<\/span><\/a><\/p>\n","protected":false},"author":1,"featured_media":0,"parent":0,"menu_order":0,"comment_status":"closed","ping_status":"open","template":"","meta":{"_monsterinsights_skip_tracking":false,"_monsterinsights_sitenote_active":false,"_monsterinsights_sitenote_note":"","_monsterinsights_sitenote_category":0,"footnotes":""},"tags":[54],"class_list":["post-2","page","type-page","status-publish","hentry","tag-muriel-orange"],"_links":{"self":[{"href":"https:\/\/www.murielorange.com\/index.php?rest_route=\/wp\/v2\/pages\/2","targetHints":{"allow":["GET"]}}],"collection":[{"href":"https:\/\/www.murielorange.com\/index.php?rest_route=\/wp\/v2\/pages"}],"about":[{"href":"https:\/\/www.murielorange.com\/index.php?rest_route=\/wp\/v2\/types\/page"}],"author":[{"embeddable":true,"href":"https:\/\/www.murielorange.com\/index.php?rest_route=\/wp\/v2\/users\/1"}],"replies":[{"embeddable":true,"href":"https:\/\/www.murielorange.com\/index.php?rest_route=%2Fwp%2Fv2%2Fcomments&post=2"}],"version-history":[{"count":31,"href":"https:\/\/www.murielorange.com\/index.php?rest_route=\/wp\/v2\/pages\/2\/revisions"}],"predecessor-version":[{"id":1791,"href":"https:\/\/www.murielorange.com\/index.php?rest_route=\/wp\/v2\/pages\/2\/revisions\/1791"}],"wp:attachment":[{"href":"https:\/\/www.murielorange.com\/index.php?rest_route=%2Fwp%2Fv2%2Fmedia&parent=2"}],"wp:term":[{"taxonomy":"post_tag","embeddable":true,"href":"https:\/\/www.murielorange.com\/index.php?rest_route=%2Fwp%2Fv2%2Ftags&post=2"}],"curies":[{"name":"wp","href":"https:\/\/api.w.org\/{rel}","templated":true}]}}