{"id":479,"date":"2014-08-22T19:03:17","date_gmt":"2014-08-22T17:03:17","guid":{"rendered":"http:\/\/www.murielorange.com\/?page_id=479"},"modified":"2014-09-03T09:04:03","modified_gmt":"2014-09-03T07:04:03","slug":"graphotherapie","status":"publish","type":"page","link":"https:\/\/www.murielorange.com\/?page_id=479","title":{"rendered":"Dysgraphie"},"content":{"rendered":"<p>Muriel Orange est \u00e9galement graphologue et graphoth\u00e9rapeute.<\/p>\n<p style=\"text-align: justify;\"><strong>La graphologie<\/strong> permet d&rsquo;\u00e9tablir un profil psychologique sur base de l&rsquo;\u00e9criture. Cela peut \u00eatre une belle aide pour les personnes qui se cherchent, qui voudraient connaitre leur points forts, leurs points faibles ou qui ont tout simplement envie de mieux se conna\u00eetre. Une telle connaissance est atout \u00e9vident pour \u00e9ventuellement changer de direction professionnelle ou pour les plus jeunes, choisir une orientation scolaire. Bien sur, tout commence par une lettre manuscrite, mais il est important de rencontrer la personne pour \u00e9tablir avec elle\u00a0la r\u00e9flexion.<\/p>\n<p>C&rsquo;est une belle occasion de prendre du temps pour se connaitre mieux et s&rsquo;ouvrir \u00e0 d&rsquo;autres choses auxquelles vous n&rsquo; auriez peut-\u00eatre m\u00eame pas pens\u00e9!<\/p>\n<p>&nbsp;<\/p>\n<p style=\"text-align: justify;\"><strong>La graphoth\u00e9rapie<\/strong> c&rsquo;est la suite logique mais adapt\u00e9e aux enfants. L&rsquo;\u00e9criture est un moyen de communication. Dans cette \u00e9criture enfantine, il y a autant de bien \u00eatre que de questionnement.<\/p>\n<blockquote><p>L&rsquo;\u00e9criture est le reflet de l&rsquo;\u00e2me de l&rsquo;enfant.<\/p><\/blockquote>\n<p style=\"text-align: justify;\">La graphoth\u00e9rapie permet de travailler l&rsquo;\u00e9criture de l&rsquo;enfant, de mani\u00e8re ludique. Le comportement de l&rsquo;enfant est souvent li\u00e9 \u00e0 et s&rsquo;am\u00e9liore en parall\u00e8le&#8230; C&rsquo;est incroyable!\u00a0Cette facette est tr\u00e8s sp\u00e9cifique et pour cela, vous pouvez vous rendre sur le site internet sp\u00e9cialement d\u00e9di\u00e9 au sujet : <a title=\"Dysgraphie\" href=\"http:\/\/www.dysgraphie.be\" target=\"_blank\">www.dysgraphie.be<\/a><\/p>\n<p style=\"text-align: justify;\">En tant que parents, vous \u00eates attentifs au comportement de vos enfants. Si vous constatez d\u00e8s le plus jeune \u00e2ge, des difficult\u00e9s de manipulations (ciseaux, crayons,&#8230;) ou si vous percevez des probl\u00e8mes de comportement, en classe, \u00e0 la maison, la graphoth\u00e9rapie peut vous donner des pistes de solutions. Par les dessins, les jeux, il y a tout \u00e0 fait moyen de <strong>pr\u00e9venir certaines difficult\u00e9s graphomotrices ou comportementales ou d&rsquo;y rem\u00e9dier<\/strong>. Vous \u00eates en doute, n&rsquo;h\u00e9sitez pas, on en parle!<\/p>\n","protected":false},"excerpt":{"rendered":"<p>Muriel Orange est \u00e9galement graphologue et graphoth\u00e9rapeute. La graphologie permet d&rsquo;\u00e9tablir un profil psychologique sur base de l&rsquo;\u00e9criture. Cela peut \u00eatre une belle aide pour les personnes qui se cherchent, qui voudraient connaitre leur points forts, leurs points faibles ou &hellip; <a href=\"https:\/\/www.murielorange.com\/?page_id=479\">Continuer la lecture <span class=\"meta-nav\">&rarr;<\/span><\/a><\/p>\n","protected":false},"author":1,"featured_media":0,"parent":0,"menu_order":80,"comment_status":"closed","ping_status":"open","template":"","meta":{"_monsterinsights_skip_tracking":false,"_monsterinsights_sitenote_active":false,"_monsterinsights_sitenote_note":"","_monsterinsights_sitenote_category":0,"footnotes":""},"tags":[43,44,45],"class_list":["post-479","page","type-page","status-publish","hentry","tag-graphotherapie","tag-reapprentissage-de-lecriture","tag-troubles-du-comportement"],"_links":{"self":[{"href":"https:\/\/www.murielorange.com\/index.php?rest_route=\/wp\/v2\/pages\/479","targetHints":{"allow":["GET"]}}],"collection":[{"href":"https:\/\/www.murielorange.com\/index.php?rest_route=\/wp\/v2\/pages"}],"about":[{"href":"https:\/\/www.murielorange.com\/index.php?rest_route=\/wp\/v2\/types\/page"}],"author":[{"embeddable":true,"href":"https:\/\/www.murielorange.com\/index.php?rest_route=\/wp\/v2\/users\/1"}],"replies":[{"embeddable":true,"href":"https:\/\/www.murielorange.com\/index.php?rest_route=%2Fwp%2Fv2%2Fcomments&post=479"}],"version-history":[{"count":8,"href":"https:\/\/www.murielorange.com\/index.php?rest_route=\/wp\/v2\/pages\/479\/revisions"}],"predecessor-version":[{"id":729,"href":"https:\/\/www.murielorange.com\/index.php?rest_route=\/wp\/v2\/pages\/479\/revisions\/729"}],"wp:attachment":[{"href":"https:\/\/www.murielorange.com\/index.php?rest_route=%2Fwp%2Fv2%2Fmedia&parent=479"}],"wp:term":[{"taxonomy":"post_tag","embeddable":true,"href":"https:\/\/www.murielorange.com\/index.php?rest_route=%2Fwp%2Fv2%2Ftags&post=479"}],"curies":[{"name":"wp","href":"https:\/\/api.w.org\/{rel}","templated":true}]}}