{"id":496,"date":"2014-08-22T19:56:15","date_gmt":"2014-08-22T17:56:15","guid":{"rendered":"http:\/\/www.murielorange.com\/?page_id=496"},"modified":"2024-04-12T16:59:30","modified_gmt":"2024-04-12T14:59:30","slug":"dessin-et-peinture-adulte","status":"publish","type":"page","link":"https:\/\/www.murielorange.com\/?page_id=496","title":{"rendered":"Adulte"},"content":{"rendered":"<p style=\"text-align: justify;\"><img loading=\"lazy\" decoding=\"async\" class=\"alignnone  wp-image-613\" src=\"http:\/\/www.murielorange.com\/blogorange\/wordpress\/wp-content\/uploads\/2014\/08\/DSC_4109-201x300.jpg\" alt=\"DSC_4109\" width=\"201\" height=\"300\" srcset=\"https:\/\/www.murielorange.com\/blogorange\/wordpress\/wp-content\/uploads\/2014\/08\/DSC_4109-201x300.jpg 201w, https:\/\/www.murielorange.com\/blogorange\/wordpress\/wp-content\/uploads\/2014\/08\/DSC_4109-687x1024.jpg 687w, https:\/\/www.murielorange.com\/blogorange\/wordpress\/wp-content\/uploads\/2014\/08\/DSC_4109-302x450.jpg 302w, https:\/\/www.murielorange.com\/blogorange\/wordpress\/wp-content\/uploads\/2014\/08\/DSC_4109.jpg 1944w\" sizes=\"auto, (max-width: 201px) 100vw, 201px\" \/>\u00a0<img loading=\"lazy\" decoding=\"async\" class=\"alignnone size-medium wp-image-618\" src=\"http:\/\/www.murielorange.com\/blogorange\/wordpress\/wp-content\/uploads\/2014\/08\/DSC_4114-300x201.jpg\" alt=\"DSC_4114\" width=\"300\" height=\"201\" srcset=\"https:\/\/www.murielorange.com\/blogorange\/wordpress\/wp-content\/uploads\/2014\/08\/DSC_4114-300x201.jpg 300w, https:\/\/www.murielorange.com\/blogorange\/wordpress\/wp-content\/uploads\/2014\/08\/DSC_4114-1024x687.jpg 1024w, https:\/\/www.murielorange.com\/blogorange\/wordpress\/wp-content\/uploads\/2014\/08\/DSC_4114-450x302.jpg 450w\" sizes=\"auto, (max-width: 300px) 100vw, 300px\" \/> \u00a0 <img loading=\"lazy\" decoding=\"async\" class=\"alignnone size-medium wp-image-616\" src=\"http:\/\/www.murielorange.com\/blogorange\/wordpress\/wp-content\/uploads\/2014\/08\/DSC_4112-300x201.jpg\" alt=\"DSC_4112\" width=\"300\" height=\"201\" srcset=\"https:\/\/www.murielorange.com\/blogorange\/wordpress\/wp-content\/uploads\/2014\/08\/DSC_4112-300x201.jpg 300w, https:\/\/www.murielorange.com\/blogorange\/wordpress\/wp-content\/uploads\/2014\/08\/DSC_4112-1024x687.jpg 1024w, https:\/\/www.murielorange.com\/blogorange\/wordpress\/wp-content\/uploads\/2014\/08\/DSC_4112-450x302.jpg 450w\" sizes=\"auto, (max-width: 300px) 100vw, 300px\" \/><\/p>\n<p style=\"text-align: justify;\">Muriel Orange propose des ateliers\u00a0artistiques pour ceux qui voudraient se d\u00e9tendre, apprendre \u00e0 cr\u00e9er, apprendre \u00e0 dessiner, \u00e0 colorier,&#8230; <strong>Il n&rsquo;y aucun pr\u00e9-requis.<\/strong> Nous irons pas \u00e0 pas, au rythme de chacun. Et pour ceux qui le souhaitent, je pourrai les accompagner dans un projet personnel, comme la r\u00e9alisation d&rsquo;un carnet illustr\u00e9, d&rsquo;histoire pour vos enfants, de tableaux, et pourquoi pas mettre en place enfin vos albums photos artistiques&#8230;.<\/p>\n<p style=\"text-align: justify;\">Le but est de <strong>passer un moment zen,<\/strong> chaque semaine et que vous puissiez lib\u00e9rer votre t\u00eate de vos tracas du quotidien.<\/p>\n<p>\u00ab\u00a0<strong>Si vous savez tenir un crayon, vous saurez dessiner\u2026\u00a0<\/strong>\u00bb<\/p>\n<p style=\"text-align: justify;\">Nous chercherons votre technique favorite, nous r\u00e9aliserons ensemble en dessin-peinture, vos photos de vacances, vos paysages pr\u00e9f\u00e9r\u00e9s. Le plus important est de se sentir bien, sans avoir peur de ne pas savoir faire.<\/p>\n<p style=\"text-align: justify;\">Et pourquoi pas vous\u00a0? J\u2019ai plein de petits trucs \u00e0 vous apprendre. Vous sortirez de l\u2019atelier, le c\u0153ur l\u00e9ger\u00a0!<\/p>\n\n\n<div class=\"wp-block-file\"><a href=\"http:\/\/www.murielorange.com\/blogorange\/wordpress\/wp-content\/uploads\/2024\/04\/planning-24_25.pdf\">Voici le planning 2024-25 avec toutes les informations et les modalit\u00e9s d&rsquo;inscription :<\/a><a href=\"http:\/\/www.murielorange.com\/blogorange\/wordpress\/wp-content\/uploads\/2024\/04\/planning-24_25.pdf\" class=\"wp-block-file__button\" download>T\u00e9l\u00e9charger<\/a><\/div>\n","protected":false},"excerpt":{"rendered":"<p>\u00a0 \u00a0 Muriel Orange propose des ateliers\u00a0artistiques pour ceux qui voudraient se d\u00e9tendre, apprendre \u00e0 cr\u00e9er, apprendre \u00e0 dessiner, \u00e0 colorier,&#8230; Il n&rsquo;y aucun pr\u00e9-requis. Nous irons pas \u00e0 pas, au rythme de chacun. Et pour ceux qui le souhaitent, &hellip; <a href=\"https:\/\/www.murielorange.com\/?page_id=496\">Continuer la lecture <span class=\"meta-nav\">&rarr;<\/span><\/a><\/p>\n","protected":false},"author":1,"featured_media":0,"parent":437,"menu_order":0,"comment_status":"closed","ping_status":"open","template":"","meta":{"_monsterinsights_skip_tracking":false,"_monsterinsights_sitenote_active":false,"_monsterinsights_sitenote_note":"","_monsterinsights_sitenote_category":0,"footnotes":""},"tags":[48],"class_list":["post-496","page","type-page","status-publish","hentry","tag-cours-de-dessin-adulte"],"_links":{"self":[{"href":"https:\/\/www.murielorange.com\/index.php?rest_route=\/wp\/v2\/pages\/496","targetHints":{"allow":["GET"]}}],"collection":[{"href":"https:\/\/www.murielorange.com\/index.php?rest_route=\/wp\/v2\/pages"}],"about":[{"href":"https:\/\/www.murielorange.com\/index.php?rest_route=\/wp\/v2\/types\/page"}],"author":[{"embeddable":true,"href":"https:\/\/www.murielorange.com\/index.php?rest_route=\/wp\/v2\/users\/1"}],"replies":[{"embeddable":true,"href":"https:\/\/www.murielorange.com\/index.php?rest_route=%2Fwp%2Fv2%2Fcomments&post=496"}],"version-history":[{"count":26,"href":"https:\/\/www.murielorange.com\/index.php?rest_route=\/wp\/v2\/pages\/496\/revisions"}],"predecessor-version":[{"id":1756,"href":"https:\/\/www.murielorange.com\/index.php?rest_route=\/wp\/v2\/pages\/496\/revisions\/1756"}],"up":[{"embeddable":true,"href":"https:\/\/www.murielorange.com\/index.php?rest_route=\/wp\/v2\/pages\/437"}],"wp:attachment":[{"href":"https:\/\/www.murielorange.com\/index.php?rest_route=%2Fwp%2Fv2%2Fmedia&parent=496"}],"wp:term":[{"taxonomy":"post_tag","embeddable":true,"href":"https:\/\/www.murielorange.com\/index.php?rest_route=%2Fwp%2Fv2%2Ftags&post=496"}],"curies":[{"name":"wp","href":"https:\/\/api.w.org\/{rel}","templated":true}]}}