{"id":547,"date":"2014-08-22T22:24:03","date_gmt":"2014-08-22T20:24:03","guid":{"rendered":"http:\/\/www.murielorange.com\/?page_id=547"},"modified":"2014-08-30T14:33:23","modified_gmt":"2014-08-30T12:33:23","slug":"qui-suis-je","status":"publish","type":"page","link":"https:\/\/www.murielorange.com\/?page_id=547","title":{"rendered":"Qui suis-je ?"},"content":{"rendered":"<p style=\"text-align: justify;\"><img loading=\"lazy\" decoding=\"async\" class=\"alignnone size-medium wp-image-633\" src=\"http:\/\/www.murielorange.com\/blogorange\/wordpress\/wp-content\/uploads\/2014\/08\/DSC_0302-300x200.jpg\" alt=\"DSC_0302\" width=\"300\" height=\"200\" srcset=\"https:\/\/www.murielorange.com\/blogorange\/wordpress\/wp-content\/uploads\/2014\/08\/DSC_0302-300x200.jpg 300w, https:\/\/www.murielorange.com\/blogorange\/wordpress\/wp-content\/uploads\/2014\/08\/DSC_0302-1024x685.jpg 1024w, https:\/\/www.murielorange.com\/blogorange\/wordpress\/wp-content\/uploads\/2014\/08\/DSC_0302-450x301.jpg 450w\" sizes=\"auto, (max-width: 300px) 100vw, 300px\" \/><\/p>\n<p style=\"text-align: justify;\"><span style=\"color: #000000;\">Muriel Orange a la passion de d\u00e9couvrir le monde autrement. Elle aime apprendre aux grands comme aux petits ce qui nous entoure. Elle vous invite \u00e0 naviguer \u00e0 travers ses r\u00e9cits, ses projets et ses cr\u00e9ations.<\/span><\/p>\n<p style=\"text-align: justify;\"><span style=\"color: #000000;\"><strong>R\u00e9gente en arts-plastiques<\/strong> de formation, Muriel a continu\u00e9 sans cesse de se former. Dipl\u00f4m\u00e9e de <strong>l&rsquo;acad\u00e9mie de peinture<\/strong>, form\u00e9e\u00a0\u00e0 la construction de\u00a0meubles en carton, attentive aux personnes handicap\u00e9es.\u00a0 Elle connait par c\u0153ur les enfants, elle en a 4 et tente de\u00a0lier la passion \u00e0 la transmission&#8230;Des histoires, il y en a \u00e0 raconter&#8230;<\/span><\/p>\n<p style=\"text-align: justify;\"><span style=\"color: #000000;\"><strong>Auteure<\/strong> d&rsquo;un petit r\u00e9cit pour enfant \u00ab\u00a0j&rsquo;ai froid\u00a0\u00bb, chez Arthur et cie, en France, elle a pu toucher le monde de l&rsquo;\u00e9dition et \u00e9dite \u00e0 pr\u00e9sent personnellement ses histoires pour enfants.<\/span><br \/>\n<span style=\"color: #000000;\"> Et puis, elle est \u00e9galement\u00a0<strong>graphot\u00e9rapeute<\/strong>. Pour les enfants en difficult\u00e9, il y a son autre site tr\u00e8s complet sur la probl\u00e9matique et les solutions. <a href=\"http:\/\/www.dysgraphie.be\" target=\"_blank\"><span style=\"color: #000000;\">www.dysgraphie.be<\/span><\/a><\/span><\/p>\n<p style=\"text-align: justify;\"><span style=\"color: #000000;\">Et pour les grands, elle est <strong>graphologue<\/strong>. Elle peut analyser votre \u00e9criture et d\u00e9terminer ainsi votre profil psychologique. Elle peut notamment offrir un soutien en orientation scolaire ou professionnelle.<\/span><\/p>\n<p style=\"text-align: justify;\"><span style=\"color: #000000;\">Et preneuse de projet fou, elle s&rsquo;amuse en travaillant&#8230; Mais est-ce r\u00e9ellement un travail ou juste un r\u00eave \u00e9veill\u00e9?<\/span><\/p>\n<div style=\"text-align: justify;\" align=\"left\"><span style=\"color: #000000; font-family: Arial;\"><span style=\"font-size: 12pt;\">Depuis 2010, elle a re\u00e7u l&rsquo;<strong>agr\u00e9ation ONE<\/strong> et peut donc vous fournir \u00e0 la demande des <strong>attestations fiscales pour les stages et cours<\/strong>.<\/span><\/span><\/div>\n<p style=\"text-align: justify;\"><span style=\"color: #000000;\">Pour la joindre, vous pouvez trouver toutes les informations sur la page \u00ab\u00a0<a title=\"Contact\" href=\"http:\/\/www.murielorange.com\/?page_id=47\"><span style=\"color: #000000;\">contact<\/span><\/a>\u00ab\u00a0.<\/span><\/p>\n","protected":false},"excerpt":{"rendered":"<p>Muriel Orange a la passion de d\u00e9couvrir le monde autrement. Elle aime apprendre aux grands comme aux petits ce qui nous entoure. Elle vous invite \u00e0 naviguer \u00e0 travers ses r\u00e9cits, ses projets et ses cr\u00e9ations. R\u00e9gente en arts-plastiques de &hellip; <a href=\"https:\/\/www.murielorange.com\/?page_id=547\">Continuer la lecture <span class=\"meta-nav\">&rarr;<\/span><\/a><\/p>\n","protected":false},"author":1,"featured_media":0,"parent":47,"menu_order":10,"comment_status":"closed","ping_status":"open","template":"","meta":{"_monsterinsights_skip_tracking":false,"_monsterinsights_sitenote_active":false,"_monsterinsights_sitenote_note":"","_monsterinsights_sitenote_category":0,"footnotes":""},"tags":[60,87,54],"class_list":["post-547","page","type-page","status-publish","hentry","tag-graphologie","tag-magritte","tag-muriel-orange"],"_links":{"self":[{"href":"https:\/\/www.murielorange.com\/index.php?rest_route=\/wp\/v2\/pages\/547","targetHints":{"allow":["GET"]}}],"collection":[{"href":"https:\/\/www.murielorange.com\/index.php?rest_route=\/wp\/v2\/pages"}],"about":[{"href":"https:\/\/www.murielorange.com\/index.php?rest_route=\/wp\/v2\/types\/page"}],"author":[{"embeddable":true,"href":"https:\/\/www.murielorange.com\/index.php?rest_route=\/wp\/v2\/users\/1"}],"replies":[{"embeddable":true,"href":"https:\/\/www.murielorange.com\/index.php?rest_route=%2Fwp%2Fv2%2Fcomments&post=547"}],"version-history":[{"count":10,"href":"https:\/\/www.murielorange.com\/index.php?rest_route=\/wp\/v2\/pages\/547\/revisions"}],"predecessor-version":[{"id":697,"href":"https:\/\/www.murielorange.com\/index.php?rest_route=\/wp\/v2\/pages\/547\/revisions\/697"}],"up":[{"embeddable":true,"href":"https:\/\/www.murielorange.com\/index.php?rest_route=\/wp\/v2\/pages\/47"}],"wp:attachment":[{"href":"https:\/\/www.murielorange.com\/index.php?rest_route=%2Fwp%2Fv2%2Fmedia&parent=547"}],"wp:term":[{"taxonomy":"post_tag","embeddable":true,"href":"https:\/\/www.murielorange.com\/index.php?rest_route=%2Fwp%2Fv2%2Ftags&post=547"}],"curies":[{"name":"wp","href":"https:\/\/api.w.org\/{rel}","templated":true}]}}